{"id":15714,"date":"2023-10-11T02:37:41","date_gmt":"2023-10-11T02:37:41","guid":{"rendered":"https:\/\/mountain-ride.com\/la-palma\/"},"modified":"2025-05-19T16:29:25","modified_gmt":"2025-05-19T16:29:25","slug":"la-palma","status":"publish","type":"page","link":"https:\/\/mountain-ride.com\/es\/la-palma\/","title":{"rendered":"La Palma"},"content":{"rendered":"<div class=\"wpb-content-wrapper\"><p>[vc_row][vc_column]\n\t\t\t\t<p class=\"rs-p-wp-fix\"><\/p>\n\t\t\t\t<sr7-module data-alias=\"laden-und-werkstatt-1\" data-id=\"18\" id=\"SR7_18_1\" class=\"rs-ov-hidden\" data-version=\"6.7.52\">\n\t\t\t\t\t<sr7-adjuster><\/sr7-adjuster>\n\t\t\t\t\t<sr7-content>\n\t\t\t\t\t\t<sr7-slide id=\"SR7_18_1-30\" data-key=\"30\">\n\t\t\t\t\t\t\t<sr7-bg id=\"SR7_18_1-30-4\" class=\"sr7-layer\"><noscript><img decoding=\"async\" src=\"https:\/\/mountain-ride.com\/wp-content\/uploads\/2023\/10\/La-Palma-Isla-Bonita.jpg\" alt=\"La Palma Kanaren\" title=\"La-Palma-Isla-Bonita\"><\/noscript><\/sr7-bg>\n\t\t\t\t\t\t\t<sr7-txt id=\"SR7_18_1-30-1\" class=\"sr7-layer\">La Palma<\/sr7-txt>\n\t\t\t\t\t\t\t<sr7-txt id=\"SR7_18_1-30-2\" class=\"sr7-layer\">La Perla<br \/>\ndel Atl\u00e1ntico<\/sr7-txt>\n\t\t\t\t\t\t\t<sr7-txt id=\"SR7_18_1-30-3\" class=\"sr7-layer\">La Isla Bonita<\/sr7-txt>\n\t\t\t\t\t\t<\/sr7-slide>\n\t\t\t\t\t\t<sr7-slide id=\"SR7_18_1-83\" data-key=\"83\">\n\t\t\t\t\t\t<\/sr7-slide>\n\t\t\t\t\t<\/sr7-content>\n\t\t\t\t\t<image_lists style=\"display:none\">\n\t\t\t\t\t\t<img data-src=\"\/\/mountain-ride.com\/wp-content\/uploads\/2023\/10\/La-Palma-Isla-Bonita.jpg\" data-libid=\"13443\" data-lib=\"medialibrary\" alt=\"La Palma Kanaren\" title=\"La-Palma-Isla-Bonita\" width=\"0\" height=\"0\" data-dbsrc=\"Ly9tb3VudGFpbi1yaWRlLmNvbS93cC1jb250ZW50L3VwbG9hZHMvMjAyMy8xMC9MYS1QYWxtYS1Jc2xhLUJvbml0YS5qcGc=\"\/>\n\t\t\t\t\t<\/image_lists>\n\t\t\t\t<\/sr7-module>\n\t\t\t\t<script>\n\t\t\t\t\twindow.SR7 ??={};SR7.PMH ??={}; SR7.PMH[\"SR7_18_1\"] = {cn:100,state:false,fn: function() { if (window._tpt!==undefined && window._tpt.prepareModuleHeight !== undefined) {  _tpt.prepareModuleHeight({id:\"SR7_18_1\",el:[600,600,600,600,400],type:'standard',shdw:'0',gh:[600,600,600,600,400],gw:[1240,1240,1024,778,480],vpt:['-200px&#039;,&#039;-200px&#039;,&#039;-200px&#039;,&#039;-200px&#039;,&#039;-200px'],size:{fullWidth:true, fullHeight:false},mh:'0',onh:0,onw:0,bg:{color:'{\"orig\":\"transparent\",\"type\":\"solid\",\"string\":\"transparent\"}'}});   SR7.PMH[\"SR7_18_1\"].state=true;} else if(SR7.PMH[\"SR7_18_1\"].cn-->0)\tsetTimeout( SR7.PMH[\"SR7_18_1\"].fn,19);}};SR7.PMH[\"SR7_18_1\" ].fn();\n\t\t\t\t<\/script>\n[\/vc_column][\/vc_row][vc_row full_width=\u00bbstretch_row_content\u00bb css=\u00bb.vc_custom_1693425027570{border-top-width: 2px !important;border-bottom-width: 2px !important;padding-top: 2px !important;padding-bottom: 2px !important;background-color: #ffffff !important;border-top-color: #ddd5cc !important;border-top-style: solid !important;border-bottom-color: #ddd5cc !important;border-bottom-style: solid !important;}\u00bb][vc_column offset=\u00bbvc_col-lg-offset-1 vc_col-lg-10 vc_col-md-offset-0 vc_col-md-12 vc_col-sm-offset-0 vc_col-xs-12 vc_hidden-xs\u00bb css=\u00bb.vc_custom_1696990676359{padding-top: 0px !important;}\u00bb]\r\n    <div class=\"wd_empty_space\" data-heightmobile=\"0px\" \r\n      data-heighttablet=\"10px\" data-heightdesktop=\"18px\"\r\n      style=\"height: 18pxpx;\" >\r\n    <\/div>\r\n\r\n    [vc_column_text css=\u00bb.vc_custom_1696992530018{margin-bottom: 0px !important;}\u00bb]<\/p>\n<div style=\"width: 100%; float: left;\">\n<div style=\"width: 7%; float: left;\"><img decoding=\"async\" style=\"width: 95%; height: auto; padding-right: 5%; max-width: 32px; float: right;\" src=\"https:\/\/mountain-ride.com\/wp-content\/uploads\/2023\/10\/subnavi-zeitzone.svg\" alt=\"Zona horaria\"><\/div>\n<div style=\"width: 13%; float: left;\">\n<h6 style=\"margin-top: 0; line-height: 1.05em;\"><strong>Huso horario<\/strong><br \/>\n-1 h (GMT)<\/h6>\n<\/div>\n<div style=\"width: 6%; float: left; color: #fff;\">.<\/div>\n<div style=\"width: 7%; float: left;\"><img decoding=\"async\" style=\"width: 95%; height: auto; padding-right: 5%; max-width: 32px; float: right;\" src=\"https:\/\/mountain-ride.com\/wp-content\/uploads\/2023\/10\/subnavi-sonne.svg\" alt=\"Sol\"><\/div>\n<div style=\"width: 13%; float: left;\">\n<h6 style=\"margin-top: 0; line-height: 1.05em;\"><strong>Horas de sol<\/strong><br \/>\naprox. 7 h en invierno<\/h6>\n<\/div>\n<div style=\"width: 6%; float: left; color: #fff;\">.<\/div>\n<div style=\"width: 7%; float: left;\"><img decoding=\"async\" style=\"width: 95%; height: auto; padding-right: 5%; max-width: 32px; float: right;\" src=\"https:\/\/mountain-ride.com\/wp-content\/uploads\/2023\/10\/subnavi-temperatur.svg\" alt=\"Temperatura\"><\/div>\n<div style=\"width: 13%; float: left;\">\n<h6 style=\"margin-top: 0; line-height: 1.05em;\"><strong>Temperatura invernal<\/strong><br \/>\n\u00d8 16-22 \u00b0C<\/h6>\n<\/div>\n<div style=\"width: 6%; float: left; color: #fff;\">.<\/div>\n<div style=\"width: 7%; float: left;\"><img decoding=\"async\" style=\"width: 95%; height: auto; padding-right: 5%; max-width: 32px; float: right;\" src=\"https:\/\/mountain-ride.com\/wp-content\/uploads\/2023\/10\/subnavi-kalender.svg\" alt=\"Todo el a\u00f1o\"><\/div>\n<div style=\"width: 13%; float: left;\">\n<h6 style=\"margin-top: 0; line-height: 1.05em;\"><strong>Buenas condiciones para montar en bicicleta todo el a\u00f1o<\/strong><\/h6>\n<\/div>\n<\/div>\n<p>[\/vc_column_text]\r\n    <div class=\"wd_empty_space\" data-heightmobile=\"20px\" \r\n      data-heighttablet=\"20px\" data-heightdesktop=\"16px\"\r\n      style=\"height: 16pxpx;\" >\r\n    <\/div>\r\n\r\n    [\/vc_column][vc_column offset=\u00bbvc_hidden-lg vc_hidden-md vc_hidden-sm vc_col-xs-12 vc_hidden-xs\u00bb][vc_column_text css=\u00bb.vc_custom_1693584260661{margin-bottom: 0px !important;}\u00bb]<\/p>\n<div style=\"width: 100%; float: left; margin-top: -30px;\">\n<div style=\"width: 21%; float: left;\"><img decoding=\"async\" style=\"width: 97%; height: auto; padding-right: 3%; max-width: 62px; float: right;\" src=\"https:\/\/mountain-ride.com\/wp-content\/uploads\/2023\/09\/subnav-level-jt.svg\" alt=\"Desnivel positivo Ruta Just Trails\"><\/div>\n<div style=\"width: 32%; float: left;\">\n<h6 style=\"margin-top: 0; line-height: 1.05em; font-size: 0.6em;\">50-300 hm<br \/>\n2000-4000 tm<\/h6>\n<\/div>\n<div style=\"width: 2%; float: left; color: #fff;\">.<\/div>\n<div style=\"width: 15%; float: left;\"><img decoding=\"async\" style=\"width: 95%; height: auto; padding-right: 5%; max-width: 32px; float: right;\" src=\"https:\/\/mountain-ride.com\/wp-content\/uploads\/2023\/09\/subnav-dauer.svg\" alt=\"Duraci\u00f3n del viaje\"><\/div>\n<div style=\"width: 30%; float: left;\">\n<h6 style=\"margin-top: 0; line-height: 1.05em; font-size: 0.6em;\"><strong>Duraci\u00f3n<\/strong><br \/>\n6-8 h<\/h6>\n<\/div>\n<div style=\"clear: both; color: #fff;\">.<\/div>\n<div style=\"width: 21%; float: left;\"><img decoding=\"async\" style=\"width: 97%; height: auto; padding-right: 3%; max-width: 62px; float: right;\" src=\"https:\/\/mountain-ride.com\/wp-content\/uploads\/2023\/09\/subnav-transfer.svg\" alt=\"Cantidad transferida\"><\/div>\n<div style=\"width: 32%; float: left;\">\n<h6 style=\"margin-top: 0; line-height: 1.05em; font-size: 0.6em;\"><strong>Lanzaderas<\/strong><br \/>\n1-4\/d\u00eda<\/h6>\n<\/div>\n<div style=\"width: 2%; float: left; color: #fff;\">.<\/div>\n<div style=\"width: 15%; float: left;\"><img decoding=\"async\" style=\"width: 95%; height: auto; padding-right: 5%; max-width: 32px; float: right;\" src=\"https:\/\/mountain-ride.com\/wp-content\/uploads\/2023\/09\/subnav-365.svg\" alt=\"Excursi\u00f3n 365 d\u00edas\"><\/div>\n<div style=\"width: 30%; float: left;\">\n<h6 style=\"margin-top: 0; line-height: 1.05em; font-size: 0.6em;\"><strong>Realizaci\u00f3n<\/strong><br \/>\ntodo el a\u00f1o<\/h6>\n<\/div>\n<\/div>\n<p>[\/vc_column_text]\r\n    <div class=\"wd_empty_space\" data-heightmobile=\"20px\" \r\n      data-heighttablet=\"20px\" data-heightdesktop=\"16px\"\r\n      style=\"height: 16pxpx;\" >\r\n    <\/div>\r\n\r\n    [\/vc_column][\/vc_row][vc_row][vc_column][vc_row_inner equal_height=\u00bbyes\u00bb][vc_column_inner width=\u00bb1\/3&#8243; offset=\u00bbvc_col-lg-1\/5 vc_col-md-1\/5 vc_col-xs-6&#8243;][vc_single_image image=\u00bb15349&#8243; img_size=\u00bbfull\u00bb alignment=\u00bbcenter\u00bb css=\u00bb.vc_custom_1696990709519{margin-bottom: 6% !important;padding-bottom: 0px !important;}\u00bb][vc_column_text]<\/p>\n<h4 style=\"text-align: center; margin: 0px;\">Clima<\/h4>\n<p style=\"text-align: center;\">La eterna primavera de Canarias.<\/p>\n<p>[\/vc_column_text][\/vc_column_inner][vc_column_inner width=\u00bb1\/3&#8243; offset=\u00bbvc_col-lg-1\/5 vc_col-md-1\/5 vc_col-xs-6&#8243;][vc_single_image image=\u00bb15345&#8243; img_size=\u00bbfull\u00bb alignment=\u00bbcenter\u00bb css=\u00bb.vc_custom_1696990726188{margin-bottom: 6% !important;padding-bottom: 0px !important;}\u00bb][vc_column_text]<\/p>\n<h4 style=\"text-align: center; margin: 0px;\">Flora<\/h4>\n<p style=\"text-align: center;\">Rico y diverso: una variedad incre\u00edble en un espacio reducido.<\/p>\n<p>[\/vc_column_text][\/vc_column_inner][vc_column_inner width=\u00bb1\/3&#8243; offset=\u00bbvc_col-lg-1\/5 vc_col-md-1\/5 vc_col-xs-6&#8243;][vc_single_image image=\u00bb15341&#8243; img_size=\u00bbfull\u00bb alignment=\u00bbcenter\u00bb css=\u00bb.vc_custom_1696990734533{margin-bottom: 6% !important;padding-bottom: 0px !important;}\u00bb][vc_column_text]<\/p>\n<h4 style=\"text-align: center; margin: 0px;\">Fauna<\/h4>\n<p style=\"text-align: center;\">La fauna que caracteriza a esta isla.<\/p>\n<p>[\/vc_column_text][\/vc_column_inner][vc_column_inner width=\u00bb1\/3&#8243; offset=\u00bbvc_col-lg-offset-0 vc_col-lg-1\/5 vc_col-md-offset-0 vc_col-md-1\/5 vc_col-sm-offset-2 vc_col-xs-6&#8243;][vc_single_image image=\u00bb15353&#8243; img_size=\u00bbfull\u00bb alignment=\u00bbcenter\u00bb css=\u00bb.vc_custom_1696990744779{margin-bottom: 6% !important;padding-bottom: 0px !important;}\u00bb][vc_column_text]<\/p>\n<h4 style=\"text-align: center; margin: 0px;\">Delicias culinarias<\/h4>\n<p style=\"text-align: center;\">De t\u00edpicamente palmero a internacionalmente excelente.<\/p>\n<p>[\/vc_column_text][\/vc_column_inner][vc_column_inner width=\u00bb1\/3&#8243; offset=\u00bbvc_col-lg-1\/5 vc_col-md-1\/5 vc_col-sm-offset-0 vc_col-xs-offset-3 vc_col-xs-6&#8243;][vc_single_image image=\u00bb15357&#8243; img_size=\u00bbfull\u00bb alignment=\u00bbcenter\u00bb css=\u00bb.vc_custom_1696990756789{margin-bottom: 6% !important;padding-bottom: 0px !important;}\u00bb][vc_column_text]<\/p>\n<h4 style=\"text-align: center; margin: 0px;\">Cultura<\/h4>\n<p style=\"text-align: center;\">Un lugar lleno de historia y fiestas que hay que celebrar.<\/p>\n<p>[\/vc_column_text][\/vc_column_inner][\/vc_row_inner][\/vc_column][\/vc_row][vc_row full_width=\u00bbstretch_row\u00bb css=\u00bb.vc_custom_1693427815860{background: #f8f7f3 url(https:\/\/mountain-ride.com\/wp-content\/uploads\/2023\/08\/bg-relief-weiss_2.png?id=12509) !important;}\u00bb][vc_column][vc_row_inner][vc_column_inner width=\u00bb3\/5&#8243; offset=\u00bbvc_col-lg-offset-1 vc_col-lg-5 vc_col-sm-offset-0 vc_col-xs-offset-1 vc_col-xs-10&#8243;][vc_column_text]<\/p>\n<h2><span style=\"color: #640934;\">La isla de la eterna primavera<\/span><\/h2>\n<p><strong>La Palma tiene muchos apodos. La Isla Verde o La Isla Bonita son s\u00f3lo algunas de ellas.<br \/>\n<\/strong>Una vez aqu\u00ed, te dar\u00e1s cuenta r\u00e1pidamente de que esta peque\u00f1a isla canaria tiene un potencial adictivo.<\/p>\n<p>Porque no hay otra forma de explicar por qu\u00e9 los visitantes suelen volver aqu\u00ed a\u00f1o tras a\u00f1o. El conjunto formado por el clima agradable y el ritmo especial marca la diferencia, porque aqu\u00ed no encontrar\u00e1s turismo de masas.[\/vc_column_text]\r\n    <div class=\"wd_empty_space\" data-heightmobile=\"10px\" \r\n      data-heighttablet=\"30px\" data-heightdesktop=\"50px\"\r\n      style=\"height: 50pxpx;\" >\r\n    <\/div>\r\n\r\n    [\/vc_column_inner][vc_column_inner width=\u00bb2\/5&#8243; offset=\u00bbvc_col-lg-offset-1 vc_col-lg-4 vc_col-sm-offset-0 vc_col-xs-offset-1 vc_col-xs-10&#8243;]\r\n    <div class=\"wd_empty_space\" data-heightmobile=\"10px\" \r\n      data-heighttablet=\"20px\" data-heightdesktop=\"30px\"\r\n      style=\"height: 30pxpx;\" >\r\n    <\/div>\r\n\r\n    [vc_single_image image=\u00bb15381&#8243; img_size=\u00bbfull\u00bb][\/vc_column_inner][\/vc_row_inner][\/vc_column][\/vc_row][vc_row full_width=\u00bbstretch_row_content\u00bb animation_delay=\u00bb150&#8243; css=\u00bb.vc_custom_1696992155869{background-color: #ffffff !important;background-position: center !important;background-repeat: no-repeat !important;background-size: cover !important;}\u00bb el_class=\u00bbbg-black\u00bb][vc_column width=\u00bb1\/2&#8243; el_class=\u00bbmi-row-right\u00bb css=\u00bb.vc_custom_1689421665833{margin-bottom: 0px !important;}\u00bb offset=\u00bbvc_col-lg-offset-1 vc_col-lg-4 vc_col-md-offset-1 vc_col-md-4 vc_col-sm-offset-0 vc_col-xs-offset-1 vc_col-xs-10&#8243;]\r\n    <div class=\"wd_empty_space\" data-heightmobile=\"40\" \r\n      data-heighttablet=\"50\" data-heightdesktop=\"90\"\r\n      style=\"height: 90px;\" >\r\n    <\/div>\r\n\r\n    [vc_column_text]<\/p>\n<h2 style=\"color: #640934; margin: 0;\">Situaci\u00f3n y clima<\/h2>\n<p>El clima de La Palma es subtropical y extremadamente agradable. Las temperaturas son suaves todo el a\u00f1o, con <strong>una media de unos 16-22\u00b0C en invierno y 22-28\u00b0C en verano<\/strong>.<\/p>\n<p>Debido a los diversos <strong>microclimas<\/strong> de la isla, el tiempo puede variar de una regi\u00f3n a otra, lo que significa que La Palma ofrece una amplia gama de paisajes y vegetaci\u00f3n.<\/p>\n<p>La isla se caracteriza por <strong>una naturaleza impresionante<\/strong>, que incluye un impresionante paisaje volc\u00e1nico, densos bosques de laurisilva y espectaculares monta\u00f1as.<\/p>\n<p>[\/vc_column_text]\r\n    <div class=\"wd_empty_space\" data-heightmobile=\"20\" \r\n      data-heighttablet=\"25\" data-heightdesktop=\"45\"\r\n      style=\"height: 45px;\" >\r\n    <\/div>\r\n\r\n    [\/vc_column][vc_column width=\u00bb1\/2&#8243; el_class=\u00bbside-shadow\u00bb css=\u00bb.vc_custom_1697025580135{background-image: url(https:\/\/mountain-ride.com\/wp-content\/uploads\/2023\/10\/la-palma-kanaren.svg?id=13466) !important;background-position: center !important;background-repeat: no-repeat !important;background-size: cover !important;}\u00bb offset=\u00bbvc_col-lg-offset-1 vc_col-md-offset-1 vc_col-sm-offset-0 vc_col-xs-12&#8243;]\r\n    <div class=\"wd_empty_space\" data-heightmobile=\"400\" \r\n      data-heighttablet=\"450\" data-heightdesktop=\"600\"\r\n      style=\"height: 600px;\" >\r\n    <\/div>\r\n\r\n    [\/vc_column][\/vc_row]<\/p>\n<\/div>","protected":false},"excerpt":{"rendered":"<p>[vc_row][vc_column][\/vc_column][\/vc_row][vc_row full_width=\u00bbstretch_row_content\u00bb css=\u00bb.vc_custom_1693425027570{border-top-width: 2px !important;border-bottom-width: 2px !important;padding-top: 2px !important;padding-bottom: 2px !important;background-color: #ffffff !important;border-top-color: #ddd5cc !important;border-top-style: solid !important;border-bottom-color: #ddd5cc !important;border-bottom-style: solid !important;}\u00bb][vc_column offset=\u00bbvc_col-lg-offset-1 vc_col-lg-10 vc_col-md-offset-0 vc_col-md-12 vc_col-sm-offset-0 vc_col-xs-12 vc_hidden-xs\u00bb css=\u00bb.vc_custom_1696990676359{padding-top: 0px !important;}\u00bb][vc_column_text css=\u00bb.vc_custom_1696992530018{margin-bottom: 0px !important;}\u00bb] Huso horario -1 h (GMT) . Horas de sol aprox. 7 h en invierno . Temperatura invernal \u00d8 16-22 \u00b0C . [&hellip;]<\/p>\n","protected":false},"author":1,"featured_media":0,"parent":0,"menu_order":0,"comment_status":"closed","ping_status":"closed","template":"","meta":{"footnotes":""},"class_list":["wd-product-box","post-15714","page","type-page","status-publish","hentry"],"_links":{"self":[{"href":"https:\/\/mountain-ride.com\/es\/wp-json\/wp\/v2\/pages\/15714","targetHints":{"allow":["GET"]}}],"collection":[{"href":"https:\/\/mountain-ride.com\/es\/wp-json\/wp\/v2\/pages"}],"about":[{"href":"https:\/\/mountain-ride.com\/es\/wp-json\/wp\/v2\/types\/page"}],"author":[{"embeddable":true,"href":"https:\/\/mountain-ride.com\/es\/wp-json\/wp\/v2\/users\/1"}],"replies":[{"embeddable":true,"href":"https:\/\/mountain-ride.com\/es\/wp-json\/wp\/v2\/comments?post=15714"}],"version-history":[{"count":17,"href":"https:\/\/mountain-ride.com\/es\/wp-json\/wp\/v2\/pages\/15714\/revisions"}],"predecessor-version":[{"id":17261,"href":"https:\/\/mountain-ride.com\/es\/wp-json\/wp\/v2\/pages\/15714\/revisions\/17261"}],"wp:attachment":[{"href":"https:\/\/mountain-ride.com\/es\/wp-json\/wp\/v2\/media?parent=15714"}],"curies":[{"name":"wp","href":"https:\/\/api.w.org\/{rel}","templated":true}]}}