{"id":15746,"date":"2023-10-11T01:13:09","date_gmt":"2023-10-11T01:13:09","guid":{"rendered":"https:\/\/mountain-ride.com\/tienda-y-taller\/"},"modified":"2025-05-22T19:19:39","modified_gmt":"2025-05-22T19:19:39","slug":"tienda-y-taller","status":"publish","type":"page","link":"https:\/\/mountain-ride.com\/es\/tienda-y-taller\/","title":{"rendered":"Tienda y taller"},"content":{"rendered":"<div class=\"wpb-content-wrapper\"><p>[vc_row][vc_column]\n\t\t\t\t<p class=\"rs-p-wp-fix\"><\/p>\n\t\t\t\t<sr7-module data-alias=\"bike-verleih-1\" data-id=\"17\" id=\"SR7_17_1\" class=\"rs-ov-hidden\" data-version=\"6.7.52\">\n\t\t\t\t\t<sr7-adjuster><\/sr7-adjuster>\n\t\t\t\t\t<sr7-content>\n\t\t\t\t\t\t<sr7-slide id=\"SR7_17_1-33\" data-key=\"33\">\n\t\t\t\t\t\t\t<sr7-bg id=\"SR7_17_1-33-4\" class=\"sr7-layer\"><noscript><img decoding=\"async\" src=\"https:\/\/mountain-ride.com\/wp-content\/uploads\/2023\/10\/mountainride-la-palma-los-llanos-laden.jpg\" alt=\"Laden und Werkstatt\" title=\"mountainride-la-palma-los-llanos-laden\"><\/noscript><\/sr7-bg>\n\t\t\t\t\t\t\t<sr7-txt id=\"SR7_17_1-33-1\" class=\"sr7-layer\">TIENDA Y TALLER<\/sr7-txt>\n\t\t\t\t\t\t\t<sr7-txt id=\"SR7_17_1-33-2\" class=\"sr7-layer\">M\u00e1s que venta <br \/>\nde bicicletas<\/sr7-txt>\n\t\t\t\t\t\t\t<sr7-txt id=\"SR7_17_1-33-3\" class=\"sr7-layer\">Bicicletas, accesorios, ropa.<\/sr7-txt>\n\t\t\t\t\t\t<\/sr7-slide>\n\t\t\t\t\t\t<sr7-slide id=\"SR7_17_1-82\" data-key=\"82\">\n\t\t\t\t\t\t<\/sr7-slide>\n\t\t\t\t\t<\/sr7-content>\n\t\t\t\t\t<image_lists style=\"display:none\">\n\t\t\t\t\t\t<img data-src=\"\/\/mountain-ride.com\/wp-content\/uploads\/2023\/10\/mountainride-la-palma-los-llanos-laden.jpg\" data-libid=\"13396\" data-lib=\"medialibrary\" alt=\"Laden und Werkstatt\" title=\"mountainride-la-palma-los-llanos-laden\" width=\"0\" height=\"0\" data-dbsrc=\"Ly9tb3VudGFpbi1yaWRlLmNvbS93cC1jb250ZW50L3VwbG9hZHMvMjAyMy8xMC9tb3VudGFpbnJpZGUtbGEtcGFsbWEtbG9zLWxsYW5vcy1sYWRlbi5qcGc=\"\/>\n\t\t\t\t\t<\/image_lists>\n\t\t\t\t<\/sr7-module>\n\t\t\t\t<script>\n\t\t\t\t\twindow.SR7 ??={};SR7.PMH ??={}; SR7.PMH[\"SR7_17_1\"] = {cn:100,state:false,fn: function() { if (window._tpt!==undefined && window._tpt.prepareModuleHeight !== undefined) {  _tpt.prepareModuleHeight({id:\"SR7_17_1\",el:[600,600,600,600,400],type:'standard',shdw:'0',gh:[600,600,600,600,400],gw:[1240,1240,1024,778,480],vpt:['-200px&#039;,&#039;-200px&#039;,&#039;-200px&#039;,&#039;-200px&#039;,&#039;-200px'],size:{fullWidth:true, fullHeight:false},mh:'0',onh:0,onw:0,bg:{color:'{\"orig\":\"transparent\",\"type\":\"solid\",\"string\":\"transparent\"}'}});   SR7.PMH[\"SR7_17_1\"].state=true;} else if(SR7.PMH[\"SR7_17_1\"].cn-->0)\tsetTimeout( SR7.PMH[\"SR7_17_1\"].fn,19);}};SR7.PMH[\"SR7_17_1\" ].fn();\n\t\t\t\t<\/script>\n[\/vc_column][\/vc_row][vc_row full_width=\u00bbstretch_row\u00bb css=\u00bb.vc_custom_1696984859112{background: #f8f7f3 url(https:\/\/mountain-ride.com\/wp-content\/uploads\/2023\/08\/bg-relief-weiss_2.png?id=12509) !important;}\u00bb][vc_column][vc_row_inner][vc_column_inner width=\u00bb3\/5&#8243; offset=\u00bbvc_col-lg-offset-1 vc_col-lg-5 vc_col-sm-offset-0 vc_col-xs-offset-1 vc_col-xs-10&#8243;][vc_column_text]<\/p>\n<h2 class=\"title_a\"><span style=\"color: #640934;\">\u00bfTotalmente equipado antes de tus vacaciones?<\/span><\/h2>\n<p><strong>No es necesario \ud83d\ude09<\/strong><br \/>\nEn nuestra tienda, ampliamente surtida, encontrar\u00e1s una amplia selecci\u00f3n de ropa de ciclismo, accesorios como cascos y protectores y, por supuesto, piezas comunes que podr\u00edan romperse en tu propia bicicleta durante tus vacaciones.<\/p>\n<p>Confiamos en marcas y materiales probados que nos convencen.[\/vc_column_text]\r\n    <div class=\"wd_empty_space\" data-heightmobile=\"10px\" \r\n      data-heighttablet=\"30px\" data-heightdesktop=\"50px\"\r\n      style=\"height: 50pxpx;\" >\r\n    <\/div>\r\n\r\n    [\/vc_column_inner][vc_column_inner width=\u00bb2\/5&#8243; offset=\u00bbvc_col-lg-offset-1 vc_col-lg-4 vc_col-sm-offset-0 vc_col-xs-offset-1 vc_col-xs-10&#8243;]\r\n    <div class=\"wd_empty_space\" data-heightmobile=\"10px\" \r\n      data-heighttablet=\"20px\" data-heightdesktop=\"30px\"\r\n      style=\"height: 30pxpx;\" >\r\n    <\/div>\r\n\r\n    [vc_single_image image=\u00bb15297&#8243; img_size=\u00bbfull\u00bb][\/vc_column_inner][\/vc_row_inner][\/vc_column][\/vc_row][vc_row full_width=\u00bbstretch_row_content\u00bb][vc_column offset=\u00bbvc_hidden-xs\u00bb][vc_gallery type=\u00bbimage_grid\u00bb images=\u00bb15321,15313,15305,15301,15325,15333,15329,15317&#8243; img_size=\u00bb180&#215;180&#8243;][\/vc_column][\/vc_row][vc_row full_width=\u00bbstretch_row_content\u00bb][vc_column offset=\u00bbvc_hidden-lg vc_hidden-md vc_hidden-sm\u00bb][vc_gallery type=\u00bbimage_grid\u00bb images=\u00bb15321,15313,15305,15301,15325,15333,15329,15317&#8243; img_size=\u00bb100&#215;100&#8243;][\/vc_column][\/vc_row][vc_row full_width=\u00bbstretch_row\u00bb animation_delay=\u00bb200&#8243; el_class=\u00bbrow-without-padding\u00bb css=\u00bb.vc_custom_1696983887545{background-image: url(https:\/\/mountain-ride.com\/wp-content\/uploads\/2023\/10\/fahrrad-werkstatt-los-llanos.jpg?id=13412) !important;background-position: center !important;background-repeat: no-repeat !important;background-size: cover !important;}\u00bb][vc_column][vc_row_inner][vc_column_inner width=\u00bb5\/12&#8243; offset=\u00bbvc_col-lg-offset-6 vc_col-lg-6 vc_col-md-offset-3 vc_col-md-9 vc_col-sm-offset-6 vc_col-xs-offset-1 vc_col-xs-10&#8243; css=\u00bb.vc_custom_1696986459514{margin-top: 2% !important;margin-bottom: 8% !important;padding-top: 8% !important;padding-right: 8% !important;padding-bottom: 5% !important;padding-left: 8% !important;background-color: #ffffff !important;}\u00bb][vc_column_text]<\/p>\n<h2 style=\"color: #640934; margin: 0;\">Taller certificado<\/h2>\n<p><strong>\u00bfDefectos en la moto? No hay problema.<\/strong><br \/>\nNuestros mec\u00e1nicos, formados regularmente, cuidar\u00e1n estupendamente de tu moto. Desde la sustituci\u00f3n r\u00e1pida de pastillas de freno hasta el mantenimiento de horquillas, nos enorgullecemos de la m\u00e1xima calidad.[\/vc_column_text][vc_btn title=\u00bbSOBRE NOSOTROS\u00bb shape=\u00bbsquare\u00bb link=\u00bburl:https%3A%2F%2Fmountain-ride.com%2Fteam|\u00bb][\/vc_column_inner][\/vc_row_inner][\/vc_column][\/vc_row][vc_row full_width=\u00bbstretch_row\u00bb gap=\u00bb35&#8243; equal_height=\u00bbyes\u00bb css=\u00bb.vc_custom_1696986898910{background-position: center !important;background-repeat: no-repeat !important;background-size: cover !important;}\u00bb][vc_column width=\u00bb5\/12&#8243; offset=\u00bbvc_col-md-offset-0 vc_col-md-4 vc_col-sm-offset-1 vc_col-xs-offset-1 vc_col-xs-10&#8243; css=\u00bb.vc_custom_1696986501112{padding-top: 0px !important;}\u00bb]\r\n    <div class=\"wd_empty_space\" data-heightmobile=\"40\" \r\n      data-heighttablet=\"35\" data-heightdesktop=\"35px\"\r\n      style=\"height: 35pxpx;\" >\r\n    <\/div>\r\n\r\n    [vc_column_text css=\u00bb.vc_custom_1696985870064{padding-top: 0px !important;}\u00bb]<\/p>\n<h4 style=\"margin: 0px;\">\u00bfServicio de amortiguaci\u00f3n en vacaciones?<\/h4>\n<p><strong>\u00bfPor qu\u00e9 no aprovechas el d\u00eda libre y regalas a tu horquilla de suspensi\u00f3n un poco de bienestar?<\/strong> Ponte en contacto con nosotros antes de tus vacaciones, as\u00ed podremos concertar una cita y pedir a tiempo las piezas que te falten.<\/p>\n<p><strong>PD: Estamos orgullosos de nuestra certificaci\u00f3n Fox<\/strong>[\/vc_column_text][\/vc_column][vc_column width=\u00bb5\/12&#8243; offset=\u00bbvc_col-md-offset-0 vc_col-md-4 vc_col-sm-offset-0 vc_col-xs-offset-1 vc_col-xs-10&#8243; css=\u00bb.vc_custom_1696986507812{padding-top: 0px !important;}\u00bb]\r\n    <div class=\"wd_empty_space\" data-heightmobile=\"0\" \r\n      data-heighttablet=\"35\" data-heightdesktop=\"35px\"\r\n      style=\"height: 35pxpx;\" >\r\n    <\/div>\r\n\r\n    [vc_column_text]<\/p>\n<h4 style=\"margin: 0px;\">Conversi\u00f3n a tubeless<\/h4>\n<p><strong>\u00bfHace tiempo que planeas pasarte al tubeless?<\/strong>  El Tubeless es un peque\u00f1o \u00abcambio de juego\u00bb, especialmente en la roca volc\u00e1nica de la isla. Estaremos encantados de convertir tu bicicleta seg\u00fan corresponda y comprobar si tu equipamiento es adecuado.[\/vc_column_text][\/vc_column][vc_column width=\u00bb5\/12&#8243; offset=\u00bbvc_col-md-offset-0 vc_col-md-4 vc_col-sm-offset-1 vc_col-xs-offset-1 vc_col-xs-10&#8243; css=\u00bb.vc_custom_1696986514572{padding-top: 0px !important;}\u00bb]\r\n    <div class=\"wd_empty_space\" data-heightmobile=\"0\" \r\n      data-heighttablet=\"0\" data-heightdesktop=\"35px\"\r\n      style=\"height: 35pxpx;\" >\r\n    <\/div>\r\n\r\n    [vc_column_text]<\/p>\n<h4 style=\"margin: 0px;\">\u00bfServicio nocturno?<\/h4>\n<p><strong>Una moto puede sufrir un poco durante un d\u00eda de turismo.<\/strong>  En consecuencia, intentamos que tanto las bicicletas de alquiler como tu bicicleta privada vuelvan a estar en condiciones para el siguiente inicio del recorrido.<\/p>\n<p>H\u00e1blanos de ello, encontraremos una soluci\u00f3n :)[\/vc_column_text][\/vc_column][\/vc_row]<\/p>\n<\/div>","protected":false},"excerpt":{"rendered":"<p>[vc_row][vc_column][\/vc_column][\/vc_row][vc_row full_width=\u00bbstretch_row\u00bb css=\u00bb.vc_custom_1696984859112{background: #f8f7f3 url(https:\/\/mountain-ride.com\/wp-content\/uploads\/2023\/08\/bg-relief-weiss_2.png?id=12509) !important;}\u00bb][vc_column][vc_row_inner][vc_column_inner width=\u00bb3\/5&#8243; offset=\u00bbvc_col-lg-offset-1 vc_col-lg-5 vc_col-sm-offset-0 vc_col-xs-offset-1 vc_col-xs-10&#8243;][vc_column_text] \u00bfTotalmente equipado antes de tus vacaciones? No es necesario \ud83d\ude09 En nuestra tienda, ampliamente surtida, encontrar\u00e1s una amplia selecci\u00f3n de ropa de ciclismo, accesorios como cascos y protectores y, por supuesto, piezas comunes que podr\u00edan romperse en tu propia bicicleta durante tus vacaciones. [&hellip;]<\/p>\n","protected":false},"author":1,"featured_media":0,"parent":0,"menu_order":0,"comment_status":"closed","ping_status":"closed","template":"","meta":{"footnotes":""},"class_list":["wd-product-box","post-15746","page","type-page","status-publish","hentry"],"_links":{"self":[{"href":"https:\/\/mountain-ride.com\/es\/wp-json\/wp\/v2\/pages\/15746","targetHints":{"allow":["GET"]}}],"collection":[{"href":"https:\/\/mountain-ride.com\/es\/wp-json\/wp\/v2\/pages"}],"about":[{"href":"https:\/\/mountain-ride.com\/es\/wp-json\/wp\/v2\/types\/page"}],"author":[{"embeddable":true,"href":"https:\/\/mountain-ride.com\/es\/wp-json\/wp\/v2\/users\/1"}],"replies":[{"embeddable":true,"href":"https:\/\/mountain-ride.com\/es\/wp-json\/wp\/v2\/comments?post=15746"}],"version-history":[{"count":17,"href":"https:\/\/mountain-ride.com\/es\/wp-json\/wp\/v2\/pages\/15746\/revisions"}],"predecessor-version":[{"id":18118,"href":"https:\/\/mountain-ride.com\/es\/wp-json\/wp\/v2\/pages\/15746\/revisions\/18118"}],"wp:attachment":[{"href":"https:\/\/mountain-ride.com\/es\/wp-json\/wp\/v2\/media?parent=15746"}],"curies":[{"name":"wp","href":"https:\/\/api.w.org\/{rel}","templated":true}]}}