{"id":15983,"date":"2023-10-03T18:37:10","date_gmt":"2023-10-03T18:37:10","guid":{"rendered":"https:\/\/mountain-ride.com\/entrenamiento-tecnico\/"},"modified":"2024-07-09T22:03:45","modified_gmt":"2024-07-09T22:03:45","slug":"entrenamiento-tecnico","status":"publish","type":"page","link":"https:\/\/mountain-ride.com\/es\/entrenamiento-tecnico\/","title":{"rendered":"Entrenamiento t\u00e9cnico"},"content":{"rendered":"<div class=\"wpb-content-wrapper\"><p>[vc_row][vc_column]\n\t\t\t\t<p class=\"rs-p-wp-fix\"><\/p>\n\t\t\t\t<sr7-module data-alias=\"megatrail-1\" data-id=\"14\" id=\"SR7_14_1\" class=\"rs-ov-hidden\" data-version=\"6.7.52\">\n\t\t\t\t\t<sr7-adjuster><\/sr7-adjuster>\n\t\t\t\t\t<sr7-content>\n\t\t\t\t\t\t<sr7-slide id=\"SR7_14_1-60\" data-key=\"60\">\n\t\t\t\t\t\t\t<sr7-bg id=\"SR7_14_1-60-4\" class=\"sr7-layer\"><noscript><img decoding=\"async\" src=\"https:\/\/mountain-ride.com\/wp-content\/uploads\/2023\/10\/techniktraining-1.jpg\" alt=\"techniktraining\" title=\"techniktraining\"><\/noscript><\/sr7-bg>\n\t\t\t\t\t\t\t<sr7-txt id=\"SR7_14_1-60-1\" class=\"sr7-layer\">Techniktraining<\/sr7-txt>\n\t\t\t\t\t\t\t<sr7-txt id=\"SR7_14_1-60-2\" class=\"sr7-layer\">Seguridad en <br \/>\nel sendero<\/sr7-txt>\n\t\t\t\t\t\t\t<sr7-txt id=\"SR7_14_1-60-3\" class=\"sr7-layer\">En diferentes niveles<\/sr7-txt>\n\t\t\t\t\t\t<\/sr7-slide>\n\t\t\t\t\t\t<sr7-slide id=\"SR7_14_1-79\" data-key=\"79\">\n\t\t\t\t\t\t<\/sr7-slide>\n\t\t\t\t\t<\/sr7-content>\n\t\t\t\t\t<image_lists style=\"display:none\">\n\t\t\t\t\t\t<img data-src=\"\/\/mountain-ride.com\/wp-content\/uploads\/2023\/10\/techniktraining-1.jpg\" data-libid=\"13007\" data-lib=\"medialibrary\" alt=\"techniktraining\" title=\"techniktraining\" width=\"0\" height=\"0\" data-dbsrc=\"Ly9tb3VudGFpbi1yaWRlLmNvbS93cC1jb250ZW50L3VwbG9hZHMvMjAyMy8xMC90ZWNobmlrdHJhaW5pbmctMS5qcGc=\"\/>\n\t\t\t\t\t<\/image_lists>\n\t\t\t\t<\/sr7-module>\n\t\t\t\t<script>\n\t\t\t\t\twindow.SR7 ??={};SR7.PMH ??={}; SR7.PMH[\"SR7_14_1\"] = {cn:100,state:false,fn: function() { if (window._tpt!==undefined && window._tpt.prepareModuleHeight !== undefined) {  _tpt.prepareModuleHeight({id:\"SR7_14_1\",el:[600,600,600,600,400],type:'standard',shdw:'0',gh:[600,600,600,600,400],gw:[1240,1240,1024,778,480],vpt:['-200px&#039;,&#039;-200px&#039;,&#039;-200px&#039;,&#039;-200px&#039;,&#039;-200px'],size:{fullWidth:true, fullHeight:false},mh:'0',onh:0,onw:0,bg:{color:'{\"orig\":\"transparent\",\"type\":\"solid\",\"string\":\"transparent\"}'}});   SR7.PMH[\"SR7_14_1\"].state=true;} else if(SR7.PMH[\"SR7_14_1\"].cn-->0)\tsetTimeout( SR7.PMH[\"SR7_14_1\"].fn,19);}};SR7.PMH[\"SR7_14_1\" ].fn();\n\t\t\t\t<\/script>\n[\/vc_column][\/vc_row][vc_row full_width=\u00bbstretch_row_content\u00bb css=\u00bb.vc_custom_1693425027570{border-top-width: 2px !important;border-bottom-width: 2px !important;padding-top: 2px !important;padding-bottom: 2px !important;background-color: #ffffff !important;border-top-color: #ddd5cc !important;border-top-style: solid !important;border-bottom-color: #ddd5cc !important;border-bottom-style: solid !important;}\u00bb][vc_column css=\u00bb.vc_custom_1696435691409{padding-top: 0px !important;}\u00bb offset=\u00bbvc_col-lg-offset-1 vc_col-lg-4 vc_col-md-offset-0 vc_col-md-4 vc_col-sm-offset-0 vc_col-xs-12&#8243;][vc_column_text css=\u00bb.vc_custom_1696435670590{margin-bottom: 0px !important;padding-bottom: 25px !important;}\u00bb]<\/p>\n<h6 style=\"text-transform: uppercase; padding-top: 0px;\"><a style=\"font-weight: bold;\" href=\"https:\/\/mountain-ride.com\/es\/?page_id=15961\">TIPOS DE RECORRIDOS &gt;<\/a> <span style=\"font-weight: 300;\">Entrenamiento de t\u00e9cnicas de conducci\u00f3n<\/span><\/h6>\n<p>[\/vc_column_text][\/vc_column][\/vc_row][vc_row full_width=\u00bbstretch_row\u00bb css=\u00bb.vc_custom_1693427815860{background: #f8f7f3 url(https:\/\/mountain-ride.com\/wp-content\/uploads\/2023\/08\/bg-relief-weiss_2.png?id=12509) !important;}\u00bb][vc_column][vc_row_inner][vc_column_inner width=\u00bb3\/5&#8243; offset=\u00bbvc_col-lg-offset-1 vc_col-lg-5 vc_col-sm-offset-0 vc_col-xs-offset-1 vc_col-xs-10&#8243;]<div class='wd_empty_space' data-heightmobile='40px' data-heighttablet='40px' data-heightdesktop='40px'\r\n \t\t\t\t\t\tstyle='height:40pxpx' ><\/div><div class=\"wd-heading text-left  \" style=\"max-width: 100%\" >\r\n\t\r\n\t\t<h2 style=\"margin:0;color:#640934;\" class=\"title_a\">\r\n\t\tFahrtechnik Training\t\t<\/h2>\r\n\r\n\t\t\t<\/div>\r\n\t<div class='wd_empty_space' data-heightmobile='10px' data-heighttablet='10px' data-heightdesktop='10px'\r\n\t\tstyle='height:10pxpx' ><\/div>[vc_column_text]<strong>M\u00e1s seguridad y confianza<\/strong><br \/>\nSuena un poco a eslogan publicitario de una compa\u00f1\u00eda de seguros, pero en realidad se trata exactamente de eso. No importa en qu\u00e9 nivel te encuentres, te recogeremos y te llevaremos un paso m\u00e1s all\u00e1.<\/p>\n<p>Esto se aplica tanto a los reci\u00e9n llegados como a los veteranos que quieran aprender a mover la rueda trasera, por ejemplo.[\/vc_column_text][vc_column_text]<\/p>\n<div style=\"width: 100%; height: auto; background: url('https:\/\/mountain-ride.com\/wp-content\/uploads\/2023\/08\/bg-365tage.png'); background-repeat: no-repeat; background-size: contain;\">\n<div style=\"width: 20%; padding-right: 3%; float: left; height: auto;\"><img decoding=\"async\" style=\"width: 100%; height: auto;\" src=\"https:\/\/mountain-ride.com\/wp-content\/uploads\/2023\/09\/Kalender-Eventwochen-gr.svg\" alt=\"A petici\u00f3n\"><\/div>\n<div style=\"width: 77%; float: left; padding-top: 5%;\">\n<h6 style=\"margin: 0; color: #630934 !important; font-weight: bold;\">A petici\u00f3n<\/h6>\n<p style=\"margin: 0; padding-bottom: 25px; padding-right: 20px;\">Realizamos formaci\u00f3n t\u00e9cnica individual a petici\u00f3n.<\/p>\n<\/div>\n<\/div>\n<p>[\/vc_column_text]\r\n    <div class=\"wd_empty_space\" data-heightmobile=\"10px\" \r\n      data-heighttablet=\"30px\" data-heightdesktop=\"50px\"\r\n      style=\"height: 50pxpx;\" >\r\n    <\/div>\r\n\r\n    [\/vc_column_inner][vc_column_inner width=\u00bb2\/5&#8243; offset=\u00bbvc_col-lg-offset-1 vc_col-lg-4 vc_col-sm-offset-0 vc_col-xs-offset-1 vc_col-xs-10&#8243;]\r\n    <div class=\"wd_empty_space\" data-heightmobile=\"10px\" \r\n      data-heighttablet=\"20px\" data-heightdesktop=\"30px\"\r\n      style=\"height: 30pxpx;\" >\r\n    <\/div>\r\n\r\n    [vc_single_image image=\u00bb15021&#8243; img_size=\u00bbfull\u00bb][\/vc_column_inner][\/vc_row_inner][\/vc_column][\/vc_row][vc_row][vc_column][vc_row_inner][vc_column_inner width=\u00bb1\/3&#8243; offset=\u00bbvc_col-md-offset-2 vc_col-md-3 vc_col-sm-offset-0 vc_col-xs-offset-2 vc_col-xs-8&#8243;]\r\n    <div class=\"wd_empty_space\" data-heightmobile=\"20px\" \r\n      data-heighttablet=\"20px\" data-heightdesktop=\"20px\"\r\n      style=\"height: 20pxpx;\" >\r\n    <\/div>\r\n\r\n    [vc_single_image image=\u00bb15025&#8243; img_size=\u00bbfull\u00bb css=\u00bb.vc_custom_1696443907428{padding-top: 0px !important;padding-bottom: 0px !important;}\u00bb][\/vc_column_inner][vc_column_inner width=\u00bb2\/3&#8243; offset=\u00bbvc_col-lg-5 vc_col-md-5 vc_col-sm-offset-0 vc_col-xs-offset-2 vc_col-xs-8&#8243;]\r\n    <div class=\"wd_empty_space\" data-heightmobile=\"0\" \r\n      data-heighttablet=\"30px\" data-heightdesktop=\"40px\"\r\n      style=\"height: 40pxpx;\" >\r\n    <\/div>\r\n\r\n    [vc_column_text]<\/p>\n<h3 style=\"font-family: Fredericka the Great; font-weight: 400; margin-bottom: 0; text-transform: inherit;\">\u00bfInteresante?<\/h3>\n<p><strong>Entonces, \u00a1preg\u00fantalo!<\/strong>  Si es posible, podemos incluir una jornada t\u00e9cnica, por ejemplo, como preludio de una semana de turismo. Primero nos concentramos en los puntos a mejorar en terreno f\u00e1cil y luego los aplicamos en el sendero.<\/p>\n<p><em><strong>Andy<\/strong><\/em>[\/vc_column_text][vc_btn title=\u00bbCONT\u00c1CTANOS\u00bb style=\u00bbflat\u00bb shape=\u00bbsquare\u00bb link=\u00bburl:https%3A%2F%2Fmountain-ride.com%2Fkontakt%2F|\u00bb]\r\n    <div class=\"wd_empty_space\" data-heightmobile=\"20px\" \r\n      data-heighttablet=\"30px\" data-heightdesktop=\"40px\"\r\n      style=\"height: 40pxpx;\" >\r\n    <\/div>\r\n\r\n    [\/vc_column_inner][\/vc_row_inner][\/vc_column][\/vc_row]<\/p>\n<\/div>","protected":false},"excerpt":{"rendered":"<p>[vc_row][vc_column][\/vc_column][\/vc_row][vc_row full_width=\u00bbstretch_row_content\u00bb css=\u00bb.vc_custom_1693425027570{border-top-width: 2px !important;border-bottom-width: 2px !important;padding-top: 2px !important;padding-bottom: 2px !important;background-color: #ffffff !important;border-top-color: #ddd5cc !important;border-top-style: solid !important;border-bottom-color: #ddd5cc !important;border-bottom-style: solid !important;}\u00bb][vc_column css=\u00bb.vc_custom_1696435691409{padding-top: 0px !important;}\u00bb offset=\u00bbvc_col-lg-offset-1 vc_col-lg-4 vc_col-md-offset-0 vc_col-md-4 vc_col-sm-offset-0 vc_col-xs-12&#8243;][vc_column_text css=\u00bb.vc_custom_1696435670590{margin-bottom: 0px !important;padding-bottom: 25px !important;}\u00bb] TIPOS DE RECORRIDOS &gt; Entrenamiento de t\u00e9cnicas de conducci\u00f3n [\/vc_column_text][\/vc_column][\/vc_row][vc_row full_width=\u00bbstretch_row\u00bb css=\u00bb.vc_custom_1693427815860{background: #f8f7f3 url(https:\/\/mountain-ride.com\/wp-content\/uploads\/2023\/08\/bg-relief-weiss_2.png?id=12509) !important;}\u00bb][vc_column][vc_row_inner][vc_column_inner width=\u00bb3\/5&#8243; offset=\u00bbvc_col-lg-offset-1 vc_col-lg-5 vc_col-sm-offset-0 vc_col-xs-offset-1 [&hellip;]<\/p>\n","protected":false},"author":1,"featured_media":0,"parent":0,"menu_order":0,"comment_status":"closed","ping_status":"closed","template":"","meta":{"footnotes":""},"class_list":["wd-product-box","post-15983","page","type-page","status-publish","hentry"],"_links":{"self":[{"href":"https:\/\/mountain-ride.com\/es\/wp-json\/wp\/v2\/pages\/15983","targetHints":{"allow":["GET"]}}],"collection":[{"href":"https:\/\/mountain-ride.com\/es\/wp-json\/wp\/v2\/pages"}],"about":[{"href":"https:\/\/mountain-ride.com\/es\/wp-json\/wp\/v2\/types\/page"}],"author":[{"embeddable":true,"href":"https:\/\/mountain-ride.com\/es\/wp-json\/wp\/v2\/users\/1"}],"replies":[{"embeddable":true,"href":"https:\/\/mountain-ride.com\/es\/wp-json\/wp\/v2\/comments?post=15983"}],"version-history":[{"count":3,"href":"https:\/\/mountain-ride.com\/es\/wp-json\/wp\/v2\/pages\/15983\/revisions"}],"predecessor-version":[{"id":16009,"href":"https:\/\/mountain-ride.com\/es\/wp-json\/wp\/v2\/pages\/15983\/revisions\/16009"}],"wp:attachment":[{"href":"https:\/\/mountain-ride.com\/es\/wp-json\/wp\/v2\/media?parent=15983"}],"curies":[{"name":"wp","href":"https:\/\/api.w.org\/{rel}","templated":true}]}}