{"id":16086,"date":"2017-11-30T18:33:48","date_gmt":"2017-11-30T18:33:48","guid":{"rendered":"https:\/\/mountain-ride.com\/contacta-con-nosotros\/"},"modified":"2026-02-21T10:52:43","modified_gmt":"2026-02-21T10:52:43","slug":"contacta-con-nosotros","status":"publish","type":"page","link":"https:\/\/mountain-ride.com\/es\/contacta-con-nosotros\/","title":{"rendered":"Contacta con nosotros"},"content":{"rendered":"<div class=\"wpb-content-wrapper\"><p>[vc_row][vc_column]\n\t\t\t\t<p class=\"rs-p-wp-fix\"><\/p>\n\t\t\t\t<sr7-module data-alias=\"la-palma-1\" data-id=\"19\" id=\"SR7_19_1\" class=\"rs-ov-hidden\" data-version=\"6.7.52\">\n\t\t\t\t\t<sr7-adjuster><\/sr7-adjuster>\n\t\t\t\t\t<sr7-content>\n\t\t\t\t\t\t<sr7-slide id=\"SR7_19_1-27\" data-key=\"27\">\n\t\t\t\t\t\t\t<sr7-bg id=\"SR7_19_1-27-4\" class=\"sr7-layer\"><noscript><img decoding=\"async\" src=\"https:\/\/mountain-ride.com\/wp-content\/uploads\/2023\/10\/kontakt-lapalma.jpg\" alt=\"Kontakt La Palma\" title=\"kontakt-lapalma\"><\/noscript><\/sr7-bg>\n\t\t\t\t\t\t\t<sr7-txt id=\"SR7_19_1-27-1\" class=\"sr7-layer\">CONTACTO<\/sr7-txt>\n\t\t\t\t\t\t\t<sr7-txt id=\"SR7_19_1-27-2\" class=\"sr7-layer\">\u00a1Estaremos encantados<br \/>\nde que nos escribas!<\/sr7-txt>\n\t\t\t\t\t\t\t<sr7-txt id=\"SR7_19_1-27-3\" class=\"sr7-layer\">\u00a1Hasta Pronto!<\/sr7-txt>\n\t\t\t\t\t\t<\/sr7-slide>\n\t\t\t\t\t\t<sr7-slide id=\"SR7_19_1-84\" data-key=\"84\">\n\t\t\t\t\t\t<\/sr7-slide>\n\t\t\t\t\t<\/sr7-content>\n\t\t\t\t\t<image_lists style=\"display:none\">\n\t\t\t\t\t\t<img data-src=\"\/\/mountain-ride.com\/wp-content\/uploads\/2023\/10\/kontakt-lapalma.jpg\" data-libid=\"13493\" data-lib=\"medialibrary\" alt=\"Kontakt La Palma\" title=\"kontakt-lapalma\" width=\"0\" height=\"0\" data-dbsrc=\"Ly9tb3VudGFpbi1yaWRlLmNvbS93cC1jb250ZW50L3VwbG9hZHMvMjAyMy8xMC9rb250YWt0LWxhcGFsbWEuanBn\"\/>\n\t\t\t\t\t<\/image_lists>\n\t\t\t\t<\/sr7-module>\n\t\t\t\t<script>\n\t\t\t\t\twindow.SR7 ??={};SR7.PMH ??={}; SR7.PMH[\"SR7_19_1\"] = {cn:100,state:false,fn: function() { if (window._tpt!==undefined && window._tpt.prepareModuleHeight !== undefined) {  _tpt.prepareModuleHeight({id:\"SR7_19_1\",el:[600,600,600,600,400],type:'standard',shdw:'0',gh:[600,600,600,600,400],gw:[1240,1240,1024,778,480],vpt:['-200px&#039;,&#039;-200px&#039;,&#039;-200px&#039;,&#039;-200px&#039;,&#039;-200px'],size:{fullWidth:true, fullHeight:false},mh:'0',onh:0,onw:0,bg:{color:'{\"orig\":\"transparent\",\"type\":\"solid\",\"string\":\"transparent\"}'}});   SR7.PMH[\"SR7_19_1\"].state=true;} else if(SR7.PMH[\"SR7_19_1\"].cn-->0)\tsetTimeout( SR7.PMH[\"SR7_19_1\"].fn,19);}};SR7.PMH[\"SR7_19_1\" ].fn();\n\t\t\t\t<\/script>\n[\/vc_column][\/vc_row][vc_row css=\u00bb.vc_custom_1532777876079{padding-top: 30px !important;padding-right: 0px !important;padding-bottom: 15px !important;padding-left: 0px !important;}\u00bb][vc_column width=\u00bb5\/12&#8243; el_class=\u00bbcustom-heading\u00bb]\r\n    <div class=\"wd_empty_space\" data-heightmobile=\"20\" \r\n      data-heighttablet=\"20\" data-heightdesktop=\"30\"\r\n      style=\"height: 30px;\" >\r\n    <\/div>\r\n\r\n    [vc_column_text]<\/p>\n<h2 class=\"title_c\">\u00a1Escr\u00edbenos!<\/h2>\n<p class=\"sub_title_c\">Esperamos tener noticias tuyas y estaremos encantados de responder a cualquier pregunta que puedas tener.<\/p>\n<p>[\/vc_column_text]\r\n\t<div class=\" vc_custom_1748503423166 no-hover text-icon text-icon--icon-left_position boxes  clearfix\"  >\r\n\t\t<div class=\"text-icon__container   \">\r\n\t\t\r\n\t\t\t\t\t\t\t\t\t<div class=\"text-icon__icon-box \">\r\n\t\t\t\t\t\t\t\t\t\t\t\t\t\t<img decoding=\"async\"  src=\"https:\/\/mountain-ride.com\/wp-content\/uploads\/2023\/10\/Kontakt-email.svg\" alt='icon' \/>\r\n\t\t\t\t\t\t\t\t\t\t\t<\/div>\r\n\t\t\t\t\t<div class=\"text-icon__content-box\"  >\r\n\t\t\t\t\t\t<h4 class=\"text-icon__title \">\r\n\t\t\t\t\t\t\tEMAIL\t\t\t\t\t\t<\/h4>\r\n\t\t\t\t\t\t<p class=\"text-icon__text  \">\r\n\t\t\t\t\t\t\t\tlapalma@mountain-ride.com\t\t\t\t\t\t<\/p>\r\n\t\t\t\t\t\t\t\t\t\t\t<\/div>\t\t\t\t\r\n\t\t\t\t\t\t<\/div>\r\n\t<\/div>\r\n\r\n\t\r\n\t<div class=\" vc_custom_1748503437600 no-hover text-icon text-icon--icon-left_position boxes  clearfix\"  >\r\n\t\t<div class=\"text-icon__container   \">\r\n\t\t\r\n\t\t\t\t\t\t\t\t\t<div class=\"text-icon__icon-box \">\r\n\t\t\t\t\t\t\t\t\t\t\t\t\t\t<img decoding=\"async\"  src=\"https:\/\/mountain-ride.com\/wp-content\/uploads\/2023\/10\/telefon.svg\" alt='icon' \/>\r\n\t\t\t\t\t\t\t\t\t\t\t<\/div>\r\n\t\t\t\t\t<div class=\"text-icon__content-box\"  >\r\n\t\t\t\t\t\t<h4 class=\"text-icon__title \">\r\n\t\t\t\t\t\t\tWHATSAPP\t\t\t\t\t\t<\/h4>\r\n\t\t\t\t\t\t<p class=\"text-icon__text  \">\r\n\t\t\t\t\t\t\t\t+34 608 50 70 24\t\t\t\t\t\t<\/p>\r\n\t\t\t\t\t\t\t\t\t\t\t<\/div>\t\t\t\t\r\n\t\t\t\t\t\t<\/div>\r\n\t<\/div>\r\n\r\n\t\r\n\t<div class=\" vc_custom_1748503456831 no-hover text-icon text-icon--icon-left_position boxes  clearfix\"  >\r\n\t\t<div class=\"text-icon__container   \">\r\n\t\t\r\n\t\t\t\t\t\t\t\t\t<div class=\"text-icon__icon-box \">\r\n\t\t\t\t\t\t\t\t\t\t\t\t\t\t<img decoding=\"async\"  src=\"https:\/\/mountain-ride.com\/wp-content\/uploads\/2023\/10\/Standort.svg\" alt='icon' \/>\r\n\t\t\t\t\t\t\t\t\t\t\t<\/div>\r\n\t\t\t\t\t<div class=\"text-icon__content-box\"  >\r\n\t\t\t\t\t\t<h4 class=\"text-icon__title \">\r\n\t\t\t\t\t\t\tUnsere Adresse\t\t\t\t\t\t<\/h4>\r\n\t\t\t\t\t\t<p class=\"text-icon__text  \">\r\n\t\t\t\t\t\t\t\tCalle Sansof\u00e9 19<br \/>\n38760 Los Llanos de Aridane\t\t\t\t\t\t<\/p>\r\n\t\t\t\t\t\t\t\t\t\t\t<\/div>\t\t\t\t\r\n\t\t\t\t\t\t<\/div>\r\n\t<\/div>\r\n\r\n\t[\/vc_column][vc_column width=\u00bb7\/12&#8243; css=\u00bb.vc_custom_1613390674715{margin-top: 6px !important;}\u00bb]\r\n    <div class=\"wd_empty_space\" data-heightmobile=\"0\" \r\n      data-heighttablet=\"0\" data-heightdesktop=\"61.5\"\r\n      style=\"height: 61.5px;\" >\r\n    <\/div>\r\n\r\n    [vc_single_image image=\u00bb15445&#8243; img_size=\u00bbfull\u00bb]\r\n    <div class=\"wd_empty_space\" data-heightmobile=\"40\" \r\n      data-heighttablet=\"40\" data-heightdesktop=\"60\"\r\n      style=\"height: 60px;\" >\r\n    <\/div>\r\n\r\n    [\/vc_column][\/vc_row][vc_row][vc_column offset=\u00bbvc_col-md-8 vc_col-xs-12&#8243; css=\u00bb.vc_custom_1771448146510{margin-right: -40px !important;margin-left: -20px !important;}\u00bb][vc_column_text css=\u00bb.vc_custom_1771448953969{margin-bottom: -10px !important;padding-bottom: 0px !important;}\u00bb]<\/p>\n<h2><span class=\"lookup-word\" data-slate-leaf=\"true\"><span data-slate-string=\"true\">Env\u00edanos tu consulta<\/span><\/span><\/h2>\n<p>[\/vc_column_text][vc_row_inner css=\u00bb.vc_custom_1771448901908{margin-top: 0px !important;padding-top: 0px !important;}\u00bb][vc_column_inner css=\u00bb.vc_custom_1771449033415{margin-top: -0px !important;padding-top: -30px !important;}\u00bb][vc_column_text css=\u00bb.vc_custom_1771448925626{margin-top: 0px !important;padding-top: 0px !important;}\u00bb]<iframe loading=\"lazy\" style=\"border: none;\" src=\"https:\/\/mountainride-sl.odoo.com\/es\/contactus?iframe=1\" width=\"100%\" height=\"3500\"><span style=\"display: inline-block; width: 0px; overflow: hidden; line-height: 0;\" data-mce-type=\"bookmark\" class=\"mce_SELRES_start\"><\/span><span style=\"display: inline-block; width: 0px; overflow: hidden; line-height: 0;\" data-mce-type=\"bookmark\" class=\"mce_SELRES_start\"><\/span> <\/iframe>[\/vc_column_text][\/vc_column_inner][\/vc_row_inner][\/vc_column][vc_column offset=\u00bbvc_col-md-4 vc_col-xs-12&#8243;][vc_column_text]<\/p>\n<h2><span class=\"lookup-word\" data-slate-leaf=\"true\"><span data-slate-string=\"true\">\u00bfAclarar dudas? Hablemos \ud83d\ude42 <\/span><\/span><\/h2>\n<p>\u00bfMuchas preguntas y no est\u00e1s de humor para correos electr\u00f3nicos e investigaciones interminables? Entonces concierta una cita para una videollamada. As\u00ed podremos ayudarte r\u00e1pidamente a orientarte y elaborar una oferta personalizada.[\/vc_column_text][vc_raw_html]PCEtLSBQcmluY2lwaW8gZGVsIHdpZGdldCBpbnRlZ3JhZG8gZGUgQ2FsZW5kbHkgLS0+CjxkaXYgY2xhc3M9ImNhbGVuZGx5LWlubGluZS13aWRnZXQiIGRhdGEtdXJsPSJodHRwczovL2NhbGVuZGx5LmNvbS9sYXBhbG1hLW1vdW50YWluLXJpZGUvMzBtaW4\/aGlkZV9ldmVudF90eXBlX2RldGFpbHM9MSIgc3R5bGU9Im1pbi13aWR0aDozMjBweDtoZWlnaHQ6NzAwcHg7Ij48L2Rpdj4KPHNjcmlwdCB0eXBlPSJ0ZXh0L2phdmFzY3JpcHQiIHNyYz0iaHR0cHM6Ly9hc3NldHMuY2FsZW5kbHkuY29tL2Fzc2V0cy9leHRlcm5hbC93aWRnZXQuanMiIGFzeW5jPSIiPjwvc2NyaXB0Pgo8IS0tIEZpbmFsIGRlbCB3aWRnZXQgaW50ZWdyYWRvIGRlIENhbGVuZGx5IC0tPg==[\/vc_raw_html][\/vc_column][\/vc_row][vc_row full_width=\u00bbstretch_row\u00bb animation_delay=\u00bb300&#8243;][vc_column offset=\u00bbvc_col-lg-offset-3 vc_col-lg-8 vc_col-md-offset-2 vc_col-md-10&#8243;][\/vc_column][\/vc_row][vc_row full_width=\u00bbstretch_row_content_no_spaces\u00bb animation_delay=\u00bb300&#8243;][vc_column]\t\r\n\t <div class=\"swiper wd-gallery\" data-elements=\"4\">\r\n      <div class=\"swiper-wrapper\">\r\n\t  \t\t\t <div class=\"swiper-slide \" >\r\n\t\t\t\t <img loading=\"lazy\" decoding=\"async\"  src=\"https:\/\/mountain-ride.com\/wp-content\/uploads\/2023\/10\/Werkstatt-service-Los-Llanos-Fahrradwerkstatt-1.jpg\" width=\"840\" height=\"630\"  alt=\"gallery\">\r\n\t\t\t <\/div>\r\n\t \t\t\t <div class=\"swiper-slide \" >\r\n\t\t\t\t <img loading=\"lazy\" decoding=\"async\"  src=\"https:\/\/mountain-ride.com\/wp-content\/uploads\/2023\/10\/Radshop-Los-Llanos-La-Palma-1.jpg\" width=\"840\" height=\"630\"  alt=\"gallery\">\r\n\t\t\t <\/div>\r\n\t \t\t\t <div class=\"swiper-slide \" >\r\n\t\t\t\t <img loading=\"lazy\" decoding=\"async\"  src=\"https:\/\/mountain-ride.com\/wp-content\/uploads\/2023\/10\/Mountainride-nahrungsergaenzung-1.jpg\" width=\"840\" height=\"630\"  alt=\"gallery\">\r\n\t\t\t <\/div>\r\n\t \t\t\t <div class=\"swiper-slide \" >\r\n\t\t\t\t <img loading=\"lazy\" decoding=\"async\"  src=\"https:\/\/mountain-ride.com\/wp-content\/uploads\/2023\/10\/Mountainride-Ladenlokal-Los-Llanos-1.jpg\" width=\"840\" height=\"630\"  alt=\"gallery\">\r\n\t\t\t <\/div>\r\n\t \t\t\t <div class=\"swiper-slide \" >\r\n\t\t\t\t <img loading=\"lazy\" decoding=\"async\"  src=\"https:\/\/mountain-ride.com\/wp-content\/uploads\/2023\/10\/Leihraeder-Los-Llanos-1.jpg\" width=\"840\" height=\"630\"  alt=\"gallery\">\r\n\t\t\t <\/div>\r\n\t \t\t\t <div class=\"swiper-slide \" >\r\n\t\t\t\t <img loading=\"lazy\" decoding=\"async\"  src=\"https:\/\/mountain-ride.com\/wp-content\/uploads\/2023\/10\/Ladenlokal-Mountainride-La-Palma-Los-Llanos-1.jpg\" width=\"840\" height=\"630\"  alt=\"gallery\">\r\n\t\t\t <\/div>\r\n\t \t\t\t <div class=\"swiper-slide \" >\r\n\t\t\t\t <img loading=\"lazy\" decoding=\"async\"  src=\"https:\/\/mountain-ride.com\/wp-content\/uploads\/2023\/10\/Ladenlokal-Mountainride-La-Palma-1.jpg\" width=\"840\" height=\"630\"  alt=\"gallery\">\r\n\t\t\t <\/div>\r\n\t \t\t\t <div class=\"swiper-slide \" >\r\n\t\t\t\t <img loading=\"lazy\" decoding=\"async\"  src=\"https:\/\/mountain-ride.com\/wp-content\/uploads\/2023\/10\/Fahrradwerkstatt-Los-Llanos-de-Aridane-1.jpg\" width=\"840\" height=\"630\"  alt=\"gallery\">\r\n\t\t\t <\/div>\r\n\t \t\t\t <div class=\"swiper-slide \" >\r\n\t\t\t\t <img loading=\"lazy\" decoding=\"async\"  src=\"https:\/\/mountain-ride.com\/wp-content\/uploads\/2023\/10\/Fahrradladen-Mountainride-La-Palma-Los-Llanos-1.jpg\" width=\"840\" height=\"630\"  alt=\"gallery\">\r\n\t\t\t <\/div>\r\n\t       <\/div>\r\n      <div class=\"swiper-button-next\"><\/div>\r\n      <div class=\"swiper-button-prev\"><\/div>\r\n    <\/div>\r\n[\/vc_column][\/vc_row]<\/p>\n<\/div>","protected":false},"excerpt":{"rendered":"<p>[vc_row][vc_column][\/vc_column][\/vc_row][vc_row css=\u00bb.vc_custom_1532777876079{padding-top: 30px !important;padding-right: 0px !important;padding-bottom: 15px !important;padding-left: 0px !important;}\u00bb][vc_column width=\u00bb5\/12&#8243; el_class=\u00bbcustom-heading\u00bb][vc_column_text] \u00a1Escr\u00edbenos! Esperamos tener noticias tuyas y estaremos encantados de responder a cualquier pregunta que puedas tener. [\/vc_column_text][\/vc_column][vc_column width=\u00bb7\/12&#8243; css=\u00bb.vc_custom_1613390674715{margin-top: 6px !important;}\u00bb][vc_single_image image=\u00bb15445&#8243; img_size=\u00bbfull\u00bb][\/vc_column][\/vc_row][vc_row][vc_column offset=\u00bbvc_col-md-8 vc_col-xs-12&#8243; css=\u00bb.vc_custom_1771448146510{margin-right: -40px !important;margin-left: -20px !important;}\u00bb][vc_column_text css=\u00bb.vc_custom_1771448953969{margin-bottom: -10px !important;padding-bottom: 0px !important;}\u00bb] Env\u00edanos tu consulta [\/vc_column_text][vc_row_inner css=\u00bb.vc_custom_1771448901908{margin-top: 0px !important;padding-top: 0px [&hellip;]<\/p>\n","protected":false},"author":1,"featured_media":0,"parent":0,"menu_order":0,"comment_status":"closed","ping_status":"closed","template":"","meta":{"footnotes":""},"class_list":["wd-product-box","post-16086","page","type-page","status-publish","hentry"],"_links":{"self":[{"href":"https:\/\/mountain-ride.com\/es\/wp-json\/wp\/v2\/pages\/16086","targetHints":{"allow":["GET"]}}],"collection":[{"href":"https:\/\/mountain-ride.com\/es\/wp-json\/wp\/v2\/pages"}],"about":[{"href":"https:\/\/mountain-ride.com\/es\/wp-json\/wp\/v2\/types\/page"}],"author":[{"embeddable":true,"href":"https:\/\/mountain-ride.com\/es\/wp-json\/wp\/v2\/users\/1"}],"replies":[{"embeddable":true,"href":"https:\/\/mountain-ride.com\/es\/wp-json\/wp\/v2\/comments?post=16086"}],"version-history":[{"count":37,"href":"https:\/\/mountain-ride.com\/es\/wp-json\/wp\/v2\/pages\/16086\/revisions"}],"predecessor-version":[{"id":19018,"href":"https:\/\/mountain-ride.com\/es\/wp-json\/wp\/v2\/pages\/16086\/revisions\/19018"}],"wp:attachment":[{"href":"https:\/\/mountain-ride.com\/es\/wp-json\/wp\/v2\/media?parent=16086"}],"curies":[{"name":"wp","href":"https:\/\/api.w.org\/{rel}","templated":true}]}}