{"id":16100,"date":"2022-07-15T17:51:23","date_gmt":"2022-07-15T17:51:23","guid":{"rendered":"https:\/\/mountain-ride.com\/rutas-en-bicicleta-de-montana-por-la-palma\/"},"modified":"2025-05-22T19:33:53","modified_gmt":"2025-05-22T19:33:53","slug":"rutas-en-bicicleta-de-montana-por-la-palma","status":"publish","type":"page","link":"https:\/\/mountain-ride.com\/es\/","title":{"rendered":"Rutas en bicicleta de monta\u00f1a por La Palma"},"content":{"rendered":"<div class=\"wpb-content-wrapper\"><p>[vc_row][vc_column]\n\t\t\t\t<p class=\"rs-p-wp-fix\"><\/p>\n\t\t\t\t<sr7-module data-alias=\"slider-inflatable\" data-id=\"2\" id=\"SR7_2_1\" class=\"rs-ov-hidden\" data-version=\"6.7.52\">\n\t\t\t\t\t<sr7-adjuster><\/sr7-adjuster>\n\t\t\t\t\t<sr7-content>\n\t\t\t\t\t\t<sr7-slide id=\"SR7_2_1-21\" data-key=\"21\">\n\t\t\t\t\t\t\t<sr7-bg id=\"SR7_2_1-21-5\" class=\"sr7-layer\"><noscript><img decoding=\"async\" src=\"https:\/\/mountain-ride.com\/wp-content\/uploads\/2025\/01\/Mountainride-La-Palma-guided-Mountainbike-tours.jpg\" alt=\"Guided Mountainbike Tours\" title=\"Mountainride-La-Palma-guided-Mountainbike-tours\"><\/noscript><\/sr7-bg>\n\t\t\t\t\t\t\t<sr7-txt id=\"SR7_2_1-21-1\" class=\"sr7-layer\">TOURS Y ALQUILERES DE BICIS<\/sr7-txt>\n\t\t\t\t\t\t\t<sr7-txt id=\"SR7_2_1-21-2\" class=\"sr7-layer\">Vacaciones con<br \/>\nbicicleta de monta\u00f1a<\/sr7-txt>\n\t\t\t\t\t\t\t<sr7-txt id=\"SR7_2_1-21-3\" class=\"sr7-layer\">Explora la naturaleza de La Palma con nosotros<\/sr7-txt>\n\t\t\t\t\t\t<\/sr7-slide>\n\t\t\t\t\t\t<sr7-slide id=\"SR7_2_1-67\" data-key=\"67\">\n\t\t\t\t\t\t<\/sr7-slide>\n\t\t\t\t\t<\/sr7-content>\n\t\t\t\t\t<image_lists style=\"display:none\">\n\t\t\t\t\t\t<img data-src=\"\/\/mountain-ride.com\/wp-content\/uploads\/2023\/05\/mountainbike-paradise-la-palma.svg\" data-libid=\"11935\" data-lib=\"medialibrary\" title=\"mountainbike-paradise-la-palma\" width=\"0\" height=\"0\" data-dbsrc=\"Ly9tb3VudGFpbi1yaWRlLmNvbS93cC1jb250ZW50L3VwbG9hZHMvMjAyMy8wNS9tb3VudGFpbmJpa2UtcGFyYWRpc2UtbGEtcGFsbWEuc3Zn\"\/>\n\t\t\t\t\t\t<img data-src=\"\/\/mountain-ride.com\/wp-content\/uploads\/2025\/01\/Mountainride-La-Palma-guided-Mountainbike-tours.jpg\" data-libid=\"16488\" data-lib=\"medialibrary\" alt=\"Guided Mountainbike Tours\" title=\"Mountainride-La-Palma-guided-Mountainbike-tours\" width=\"0\" height=\"0\" data-dbsrc=\"Ly9tb3VudGFpbi1yaWRlLmNvbS93cC1jb250ZW50L3VwbG9hZHMvMjAyNS8wMS9Nb3VudGFpbnJpZGUtTGEtUGFsbWEtZ3VpZGVkLU1vdW50YWluYmlrZS10b3Vycy5qcGc=\"\/>\n\t\t\t\t\t<\/image_lists>\n\t\t\t\t<\/sr7-module>\n\t\t\t\t<script>\n\t\t\t\t\twindow.SR7 ??={};SR7.PMH ??={}; SR7.PMH[\"SR7_2_1\"] = {cn:100,state:false,fn: function() { if (window._tpt!==undefined && window._tpt.prepareModuleHeight !== undefined) {  _tpt.prepareModuleHeight({id:\"SR7_2_1\",el:[900,900,768,960,720],type:'standard',shdw:'0',gh:[900,900,768,960,720],gw:[1240,1240,1024,778,480],vpt:['-200px&#039;,&#039;-200px&#039;,&#039;-200px&#039;,&#039;-200px&#039;,&#039;-200px'],size:{fullWidth:true, fullHeight:false},mh:'0',onh:0,onw:0,bg:{color:'{\"orig\":\"transparent\",\"type\":\"solid\",\"string\":\"transparent\"}'}});   SR7.PMH[\"SR7_2_1\"].state=true;} else if(SR7.PMH[\"SR7_2_1\"].cn-->0)\tsetTimeout( SR7.PMH[\"SR7_2_1\"].fn,19);}};SR7.PMH[\"SR7_2_1\" ].fn();\n\t\t\t\t<\/script>\n[\/vc_column][\/vc_row][vc_row full_width=\u00bbstretch_row\u00bb animation_delay=\u00bb300&#8243; el_class=\u00bbrow-without-padding\u00bb css=\u00bb.vc_custom_1688507068402{background: #f8f7f3 url(https:\/\/mountain-ride.com\/wp-content\/uploads\/2023\/07\/bg-relief.png?id=11951) !important;background-position: center !important;background-repeat: no-repeat !important;background-size: cover !important;}\u00bb][vc_column]\r\n    <div class=\"wd_empty_space\" data-heightmobile=\"30\" \r\n      data-heighttablet=\"30\" data-heightdesktop=\"50\"\r\n      style=\"height: 50px;\" >\r\n    <\/div>\r\n\r\n    [vc_row_inner][vc_column_inner width=\u00bb1\/6&#8243;][\/vc_column_inner][vc_column_inner width=\u00bb1\/6&#8243;][vc_single_image image=\u00bb13885&#8243; img_size=\u00bbfull\u00bb alignment=\u00bbcenter\u00bb css=\u00bb.vc_custom_1696972560105{margin-bottom: 15px !important;}\u00bb link=\u00bbhttps:\/\/mountain-ride.com\/es\/rutas-en-bicicleta-de-montana\/\u00bb onclick=\u00bbcustom_link\u00bb][vc_column_text]<\/p>\n<div class=\"wd-heading text-center animated fadeInUp\" data-animated=\"fadeInUp\">\n<h2 style=\"text-align: center;\"><span style=\"color: #640934;\">Tours<\/span><\/h2>\n<p class=\"sub_title_a\" style=\"text-align: center;\">de todo tipo, desde el E-Panorama al \u201cMegatrail\u201d.<\/p>\n<\/div>\n<p>[\/vc_column_text]\r\n    <div class=\"wd_empty_space\" data-heightmobile=\"30\" \r\n      data-heighttablet=\"20\" data-heightdesktop=\"0\"\r\n      style=\"height: 0px;\" >\r\n    <\/div>\r\n\r\n    [\/vc_column_inner][vc_column_inner width=\u00bb1\/12&#8243;][\/vc_column_inner][vc_column_inner width=\u00bb1\/6&#8243;][vc_single_image image=\u00bb13881&#8243; img_size=\u00bbfull\u00bb alignment=\u00bbcenter\u00bb css=\u00bb.vc_custom_1696972601781{margin-bottom: 15px !important;}\u00bb link=\u00bbhttps:\/\/mountain-ride.com\/es\/alquiler-de-bicicletas-la-palma\/\u00bb onclick=\u00bbcustom_link\u00bb][vc_column_text]<\/p>\n<div class=\"wd-heading text-center animated fadeInUp\" data-animated=\"fadeInUp\">\n<h2 style=\"text-align: center;\"><span style=\"color: #640934;\">Alquiler<\/span><\/h2>\n<p class=\"sub_title_a\" style=\"text-align: center;\">Bicicletas de monta\u00f1a, bicicletas el\u00e9ctricas, bicicletas de carreras<\/p>\n<\/div>\n<p>[\/vc_column_text]\r\n    <div class=\"wd_empty_space\" data-heightmobile=\"30\" \r\n      data-heighttablet=\"20\" data-heightdesktop=\"0\"\r\n      style=\"height: 0px;\" >\r\n    <\/div>\r\n\r\n    [\/vc_column_inner][vc_column_inner width=\u00bb1\/12&#8243;][\/vc_column_inner][vc_column_inner width=\u00bb1\/6&#8243;][vc_single_image image=\u00bb13877&#8243; img_size=\u00bbfull\u00bb alignment=\u00bbcenter\u00bb css=\u00bb.vc_custom_1696972645967{margin-bottom: 15px !important;}\u00bb link=\u00bbhttps:\/\/mountain-ride.com\/es\/semanas-del-acontecimiento\/\u00bb onclick=\u00bbcustom_link\u00bb][vc_column_text]<\/p>\n<div class=\"wd-heading text-center animated fadeInUp\" data-animated=\"fadeInUp\">\n<h2 style=\"text-align: center;\"><span style=\"color: #640934;\">Eventos<\/span><\/h2>\n<p class=\"sub_title_a\" style=\"text-align: center;\">Calendario con nuestras semanas de eventos<\/p>\n<\/div>\n<p>[\/vc_column_text]\r\n    <div class=\"wd_empty_space\" data-heightmobile=\"20\" \r\n      data-heighttablet=\"20\" data-heightdesktop=\"0\"\r\n      style=\"height: 0px;\" >\r\n    <\/div>\r\n\r\n    [\/vc_column_inner][vc_column_inner width=\u00bb1\/6&#8243;][\/vc_column_inner][\/vc_row_inner]\r\n    <div class=\"wd_empty_space\" data-heightmobile=\"30\" \r\n      data-heighttablet=\"30\" data-heightdesktop=\"50\"\r\n      style=\"height: 50px;\" >\r\n    <\/div>\r\n\r\n    [\/vc_column][\/vc_row][vc_row full_width=\u00bbstretch_row\u00bb animation_delay=\u00bb200&#8243; el_class=\u00bbrow-without-padding\u00bb css=\u00bb.vc_custom_1696863626233{background-image: url(https:\/\/mountain-ride.com\/wp-content\/uploads\/2023\/10\/team-mountainride-la-palma-santa-cruz-los-llanos-1.jpg?id=13164) !important;background-position: center !important;background-repeat: no-repeat !important;background-size: cover !important;}\u00bb][vc_column][vc_row_inner][vc_column_inner width=\u00bb5\/12&#8243; offset=\u00bbvc_col-lg-offset-6 vc_col-lg-6 vc_col-md-offset-3 vc_col-md-9 vc_col-sm-offset-6 vc_col-xs-offset-1 vc_col-xs-10&#8243; css=\u00bb.vc_custom_1696863468784{margin-top: 2% !important;margin-bottom: 8% !important;padding-top: 8% !important;padding-right: 8% !important;padding-bottom: 5% !important;padding-left: 8% !important;background-color: #ffffff !important;}\u00bb][vc_column_text]<\/p>\n<h2 style=\"color: #640934; margin: 0;\">As\u00ed somos<\/h2>\n<p style=\"text-transform: none;\">\u00a1Bienvenido a Mountainride La Palma! Somos un equipo apasionado especializado en ofrecer experiencias inolvidables en bicicleta de monta\u00f1a en la hermosa isla de La Palma.<\/p>\n<p style=\"text-transform: none;\">Nuestros gu\u00edas son ciclistas de monta\u00f1a experimentados y entusiastas que conocen la isla como la palma de su mano y estar\u00e1n encantados de compartir contigo su amor por ella.<\/p>\n<p>[\/vc_column_text][vc_btn title=\u00bbSOBRE NOSOTROS\u00bb shape=\u00bbsquare\u00bb link=\u00bburl:https%3A%2F%2Fmountain-ride.com%2Fteam|\u00bb][\/vc_column_inner][\/vc_row_inner][\/vc_column][\/vc_row][vc_row full_width=\u00bbstretch_row_content\u00bb animation_delay=\u00bb150&#8243; css=\u00bb.vc_custom_1688550053912{background: #f8f7f3 url(https:\/\/mountain-ride.com\/wp-content\/uploads\/2023\/07\/bg-relief.png?id=11951) !important;background-position: center !important;background-repeat: no-repeat !important;background-size: cover !important;}\u00bb el_class=\u00bbbg-black\u00bb][vc_column width=\u00bb1\/2&#8243; el_class=\u00bbmi-row-right\u00bb css=\u00bb.vc_custom_1689421925253{margin-bottom: 0px !important;}\u00bb offset=\u00bbvc_col-lg-offset-1 vc_col-lg-4 vc_col-md-offset-1 vc_col-md-4 vc_col-sm-offset-0 vc_col-xs-offset-1 vc_col-xs-10&#8243;]\r\n    <div class=\"wd_empty_space\" data-heightmobile=\"40\" \r\n      data-heighttablet=\"50\" data-heightdesktop=\"90\"\r\n      style=\"height: 90px;\" >\r\n    <\/div>\r\n\r\n    [vc_column_text]<\/p>\n<h2 style=\"color: #640934; margin: 0;\">D\u00f3nde estamos<\/h2>\n<p style=\"text-transform: none;\"><strong>La Palma -tambi\u00e9n conocida como \u00abIsla Bonita\u00bb- es la m\u00e1s noroccidental de las Islas Canarias.  <\/strong>La isla volc\u00e1nica debe su incre\u00edble poder natural a su alta cresta monta\u00f1osa, que proporciona numerosos microclimas. Paisajes lunares volc\u00e1nicos, bosques frondosos y vistas impresionantes te esperan a cada paso.<\/p>\n<p style=\"text-transform: none;\">Cielos nocturnos incre\u00edbles, pueblos pintorescos, el azul sobrecogedor del Atl\u00e1ntico y una gastronom\u00eda maravillosa son s\u00f3lo algunas de las razones que hacen que los visitantes vuelvan a la isla a\u00f1o tras a\u00f1o. La joya del Atl\u00e1ntico: \u00a1un para\u00edso para los amantes de la naturaleza!<\/p>\n<p>[\/vc_column_text][vc_btn title=\u00bbLA PALMA\u00bb shape=\u00bbsquare\u00bb link=\u00bburl:https%3A%2F%2Fmountain-ride.com%2Fes%2Fla-palma%2F|title:La%20Palma|\u00bb]\r\n    <div class=\"wd_empty_space\" data-heightmobile=\"20\" \r\n      data-heighttablet=\"25\" data-heightdesktop=\"45\"\r\n      style=\"height: 45px;\" >\r\n    <\/div>\r\n\r\n    [vc_single_image image=\u00bb13905&#8243; img_size=\u00bbfull\u00bb css=\u00bb.vc_custom_1688551347020{margin-left: -20% !important;}\u00bb][\/vc_column][vc_column width=\u00bb1\/2&#8243; el_class=\u00bbside-shadow\u00bb css=\u00bb.vc_custom_1689421937902{background-image: url(https:\/\/mountain-ride.com\/wp-content\/uploads\/2023\/07\/La-palma-insel-kanaren.jpg?id=11960) !important;background-position: center !important;background-repeat: no-repeat !important;background-size: cover !important;}\u00bb offset=\u00bbvc_col-lg-offset-1 vc_col-md-offset-1 vc_hidden-xs\u00bb]\r\n    <div class=\"wd_empty_space\" data-heightmobile=\"400\" \r\n      data-heighttablet=\"450\" data-heightdesktop=\"800\"\r\n      style=\"height: 800px;\" >\r\n    <\/div>\r\n\r\n    [\/vc_column][\/vc_row][vc_row full_width=\u00bbstretch_row_content_no_spaces\u00bb animation_delay=\u00bb300&#8243; el_class=\u00bbrow-without-padding\u00bb][vc_column width=\u00bb1\/2&#8243; css=\u00bb.vc_custom_1688581782810{margin-bottom: 0px !important;padding-bottom: 0px !important;}\u00bb offset=\u00bbvc_col-lg-offset-0 vc_col-lg-6 vc_col-md-offset-0 vc_col-md-6 vc_col-xs-offset-1 vc_col-xs-10&#8243;]\r\n    <div class=\"wd_empty_space\" data-heightmobile=\"20\" \r\n      data-heighttablet=\"30\" data-heightdesktop=\"45\"\r\n      style=\"height: 45px;\" >\r\n    <\/div>\r\n\r\n    [vc_single_image image=\u00bb13909&#8243; img_size=\u00bbfull\u00bb alignment=\u00bbcenter\u00bb css=\u00bb.vc_custom_1688581825590{margin-bottom: 0px !important;padding-bottom: 0px !important;}\u00bb][\/vc_column][vc_column width=\u00bb1\/3&#8243; css=\u00bb.vc_custom_1688581956779{padding-right: 10% !important;padding-left: 10% !important;}\u00bb]\r\n    <div class=\"wd_empty_space\" data-heightmobile=\"20\" \r\n      data-heighttablet=\"30\" data-heightdesktop=\"45\"\r\n      style=\"height: 45px;\" >\r\n    <\/div>\r\n\r\n    [vc_column_text css=\u00bb.vc_custom_1688581220991{margin-top: 5% !important;}\u00bb]<\/p>\n<h2 style=\"color: #640934; margin: 0;\">&#8230; y lo que hacemos<\/h2>\n<p style=\"text-transform: none;\"><strong>Sencillamente, vamos en bicicleta e intentamos disfrutar de toda la belleza que ofrece la isla.  <\/strong>Nuestro objetivo es que no tengas que preocuparte de nada durante tus vacaciones, desde los traslados al aeropuerto hasta las cenas con recomendaciones. Un paquete completo en el que no se descuida en absoluto el ciclismo.<\/p>\n<p style=\"text-transform: none;\">Adaptamos nuestras excursiones de d\u00eda completo a tu capacidad y preferencias y organizamos los grupos en consecuencia. Te mostramos senderos diferentes cada d\u00eda y los planificamos individualmente.<\/p>\n<p>[\/vc_column_text][vc_btn title=\u00bbA LOS TOURS\u00bb shape=\u00bbsquare\u00bb link=\u00bburl:https%3A%2F%2Fmountain-ride.com%2Fes%2Frutas-en-bicicleta-de-montana%2F|title:Allmountain|\u00bb]\r\n    <div class=\"wd_empty_space\" data-heightmobile=\"30\" \r\n      data-heighttablet=\"40\" data-heightdesktop=\"55\"\r\n      style=\"height: 55px;\" >\r\n    <\/div>\r\n\r\n    [\/vc_column][vc_column width=\u00bb1\/6&#8243; offset=\u00bbvc_hidden-sm vc_hidden-xs\u00bb][vc_single_image image=\u00bb13953&#8243; img_size=\u00bbfull\u00bb alignment=\u00bbright\u00bb][\/vc_column][\/vc_row][vc_row animation_delay=\u00bb300&#8243;][vc_column]\r\n    <div class=\"wd_empty_space\" data-heightmobile=\"40\" \r\n      data-heighttablet=\"70\" data-heightdesktop=\"100\"\r\n      style=\"height: 100px;\" >\r\n    <\/div>\r\n\r\n    [\/vc_column][\/vc_row][vc_row full_width=\u00bbstretch_row_content\u00bb gap=\u00bb35&#8243; equal_height=\u00bbyes\u00bb content_placement=\u00bbtop\u00bb css=\u00bb.vc_custom_1688575176537{background-image: url(https:\/\/mountain-ride.com\/wp-content\/uploads\/2023\/07\/bg-fahrrad-lapalma.png?id=11977) !important;background-position: 0 0 !important;background-repeat: no-repeat !important;}\u00bb][vc_column width=\u00bb1\/3&#8243; css=\u00bb.vc_custom_1688580610420{padding-top: 0px !important;}\u00bb][vc_single_image image=\u00bb13937&#8243; img_size=\u00bbfull\u00bb css=\u00bb.vc_custom_1688580323848{margin-bottom: 15px !important;margin-left: -12px !important;}\u00bb][vc_column_text css=\u00bb.vc_custom_1688583556287{margin-bottom: 15px !important;}\u00bb]<\/p>\n<p style=\"line-height: 1.2em;\"><span style=\"font-size: 0.9em;\">\u00abA mis ojos, Mountainride no es s\u00f3lo el mejor proveedor de excursiones en BTT, alquiler de bicicletas y taller de bicicletas, sino la autoridad en La Palma.<br \/>\nPero lo que es a\u00fan m\u00e1s importante: con su equipo, Andi y Silvi crean experiencias con amigos que se quedan en tu cabeza y van directas a tu coraz\u00f3n. Llevamos a\u00f1os sinti\u00e9ndonos parte de la familia Mountainride, antes como pareja y ahora como una peque\u00f1a familia\u00bb.<\/span><\/p>\n<p style=\"line-height: 1.1em;\"><span style=\"color: #640934; line-height: 1.2em; font-size: 0.9em;\"><strong>Jan H.<\/strong><\/span><\/p>\n<p>[\/vc_column_text][\/vc_column][vc_column width=\u00bb1\/3&#8243; css=\u00bb.vc_custom_1688580619667{padding-top: 0px !important;}\u00bb][vc_single_image image=\u00bb13933&#8243; img_size=\u00bbfull\u00bb css=\u00bb.vc_custom_1688580346701{margin-bottom: 15px !important;margin-left: -12px !important;}\u00bb][vc_column_text css=\u00bb.vc_custom_1688583564159{margin-bottom: 15px !important;}\u00bb]<\/p>\n<p style=\"line-height: 1.2em;\"><span style=\"font-size: 0.9em;\">\u00abLa Palma es una isla de ensue\u00f1o para el ciclismo, con infinitos senderos fant\u00e1sticos. Pero s\u00f3lo es realmente divertida cuando sales con la gente de Mountain-Ride. Tengo claro que volver\u00e9 a la isla y estoy deseando volver a ver al equipo de Mountain-Ride.\u00bb<\/span><\/p>\n<p style=\"line-height: 1.2em;\"><span style=\"color: #640934; font-size: 0.9em;\"><strong>Hans Heiri J.<\/strong><\/span><\/p>\n<p>[\/vc_column_text][\/vc_column][vc_column width=\u00bb1\/3&#8243; css=\u00bb.vc_custom_1688580628772{padding-top: 0px !important;}\u00bb][vc_single_image image=\u00bb13941&#8243; img_size=\u00bbfull\u00bb css=\u00bb.vc_custom_1688580353394{margin-bottom: 15px !important;margin-left: -12px !important;}\u00bb][vc_column_text]<\/p>\n<p style=\"line-height: 1.2em;\"><span style=\"font-size: 0.9em;\">\u00abNosotros, mi mujer y yo, estuvimos en MountainRide por segunda vez este mes de junio. El a\u00f1o pasado fue en mayo&#8230; la \u00fanica diferencia era el mes, todo lo dem\u00e1s era igual, muy familiar y muy profesional (las visitas guiadas). Todo el equipo de MountainRide te hace sentir como en familia, como si estuvieras aqu\u00ed desde siempre\u00bb.<\/span><\/p>\n<p style=\"line-height: 1.2em;\"><span style=\"color: #640934; font-size: 0.9em;\"><strong>Patrick B.<\/strong><\/span><\/p>\n<p>[\/vc_column_text][\/vc_column][\/vc_row][vc_row full_width=\u00bbstretch_row_content_no_spaces\u00bb animation_delay=\u00bb300&#8243; css=\u00bb.vc_custom_1688580363905{margin-top: -300px !important;padding-top: 380px !important;background-image: url(https:\/\/mountain-ride.com\/wp-content\/uploads\/2023\/07\/bg-lapalma-meer.png?id=11980) !important;background-position: center !important;background-repeat: no-repeat !important;background-size: cover !important;}\u00bb][vc_column][\/vc_column][\/vc_row][vc_row full_width=\u00bbstretch_row_content_no_spaces\u00bb css=\u00bb.vc_custom_1688575728993{padding-top: 5% !important;padding-bottom: 5% !important;background-image: url(https:\/\/mountain-ride.com\/wp-content\/uploads\/2023\/07\/bg-drachenbaum-puntagorda-la-palma.jpg?id=11987) !important;background-position: center !important;background-repeat: no-repeat !important;background-size: cover !important;}\u00bb][vc_column width=\u00bb1\/2&#8243; offset=\u00bbvc_col-lg-6 vc_col-md-6 vc_hidden-sm vc_col-xs-6 vc_hidden-xs\u00bb][vc_row_inner][vc_column_inner width=\u00bb1\/12&#8243; offset=\u00bbvc_col-lg-offset-2 vc_col-lg-10 vc_col-md-offset-1 vc_col-md-11 vc_col-xs-offset-1 vc_col-xs-11&#8243;][vc_single_image image=\u00bb16511&#8243; img_size=\u00bbfull\u00bb css=\u00bb.vc_custom_1736872220032{margin-left: 20% !important;}\u00bb link=\u00bbhttps:\/\/mountain-ride.com\/neuzugang-im-premium-sektor-das-evil-wreckoning\/\u00bb onclick=\u00bbcustom_link\u00bb][\/vc_column_inner][\/vc_row_inner][\/vc_column][vc_column width=\u00bb1\/3&#8243; offset=\u00bbvc_col-lg-offset-0 vc_col-lg-4 vc_col-md-offset-0 vc_col-md-5 vc_col-xs-offset-2 vc_col-xs-10&#8243; css=\u00bb.vc_custom_1688582273953{margin-top: 15% !important;margin-bottom: 5% !important;margin-left: -10% !important;padding-top: 7% !important;padding-right: 7% !important;padding-bottom: 7% !important;padding-left: 7% !important;background-color: #ffffff !important;}\u00bb][vc_column_text css=\u00bb.vc_custom_1736872199513{margin-bottom: 25px !important;padding-bottom: 0px !important;}\u00bb]<\/p>\n<h2 style=\"color: #640934; margin: 0;\">\u00daltimas noticias<\/h2>\n<p style=\"text-transform: none;\"><strong>Bienvenidas Bicicletas Evil!<br \/>\n<\/strong>A finales del verano de 2024, nos surgi\u00f3 una oportunidad \u00fanica: la marca de lujo Evil encontr\u00f3 su camino hacia La Palma. Con el modelo Wreckoning, esta incre\u00edble marca completa nuestra flota de alquiler y ofrece una experiencia de conducci\u00f3n muy especial. <\/p>\n<p>[\/vc_column_text][vc_btn title=\u00bbLEER M\u00c1S\u00bb shape=\u00bbsquare\u00bb link=\u00bburl:https%3A%2F%2Fmountain-ride.com%2Fneuzugang-im-premium-sektor-das-evil-wreckoning%2F|title:Allmountain|\u00bb css=\u00bb.vc_custom_1736872245527{margin-top: 0px !important;margin-bottom: 0px !important;padding-top: 0px !important;padding-bottom: 0px !important;}\u00bb][\/vc_column][\/vc_row][vc_row full_width=\u00bbstretch_row\u00bb css=\u00bb.vc_custom_1688597302655{margin-bottom: 0px !important;border-bottom-width: 0px !important;padding-bottom: 0px !important;}\u00bb][vc_column width=\u00bb1\/3&#8243; offset=\u00bbvc_hidden-xs\u00bb]\r\n    <div class=\"wd_empty_space\" data-heightmobile=\"30\" \r\n      data-heighttablet=\"50\" data-heightdesktop=\"50\"\r\n      style=\"height: 50px;\" >\r\n    <\/div>\r\n\r\n    [vc_column_text css=\u00bb.vc_custom_1688596633607{margin-bottom: 0px !important;padding-bottom: 0px !important;}\u00bb]<\/p>\n<h2 style=\"color: #640934; margin: 0;\">Tambi\u00e9n interesante  &gt;<\/h2>\n<p>[\/vc_column_text][\/vc_column][vc_column width=\u00bb1\/3&#8243;]\r\n    <div class=\"wd_empty_space\" data-heightmobile=\"30\" \r\n      data-heighttablet=\"50\" data-heightdesktop=\"50\"\r\n      style=\"height: 50px;\" >\r\n    <\/div>\r\n\r\n    [vc_row_inner][vc_column_inner width=\u00bb1\/3&#8243; offset=\u00bbvc_col-xs-4&#8243;][vc_single_image image=\u00bb13961&#8243; img_size=\u00bbfull\u00bb alignment=\u00bbright\u00bb link=\u00bbhttps:\/\/mountain-ride.com\/es\/tienda-y-taller\/\u00bb onclick=\u00bbcustom_link\u00bb][\/vc_column_inner][vc_column_inner width=\u00bb2\/3&#8243; offset=\u00bbvc_col-xs-8&#8243;][vc_column_text css=\u00bb.vc_custom_1696988905674{margin-bottom: 0px !important;padding-bottom: 0px !important;}\u00bb]<\/p>\n<h3 style=\"color: #640934; margin: 0;\">Taller<\/h3>\n<p style=\"text-transform: none;\">M\u00e1s informaci\u00f3n sobre nuestro servicio de taller certificado<br \/>\n<a href=\"https:\/\/mountain-ride.com\/es\/tienda-y-taller\/\"><img decoding=\"async\" class=\"alignnone size-full wp-image-12058\" src=\"https:\/\/mountain-ride.com\/wp-content\/uploads\/2023\/07\/symbol-pfeil.svg\" alt=\"s\u00edmbolo-l\u00ednea-flecha\"><\/a><\/p>\n<p>[\/vc_column_text][\/vc_column_inner][\/vc_row_inner][\/vc_column][vc_column width=\u00bb1\/3&#8243;]\r\n    <div class=\"wd_empty_space\" data-heightmobile=\"30\" \r\n      data-heighttablet=\"50\" data-heightdesktop=\"50\"\r\n      style=\"height: 50px;\" >\r\n    <\/div>\r\n\r\n    [vc_row_inner][vc_column_inner width=\u00bb1\/3&#8243; offset=\u00bbvc_col-xs-4&#8243;][vc_single_image image=\u00bb13957&#8243; img_size=\u00bbfull\u00bb alignment=\u00bbright\u00bb link=\u00bbhttps:\/\/mountain-ride.com\/es\/tienda-y-taller\/\u00bb onclick=\u00bbcustom_link\u00bb][\/vc_column_inner][vc_column_inner width=\u00bb2\/3&#8243; offset=\u00bbvc_col-xs-8&#8243;][vc_column_text css=\u00bb.vc_custom_1696988918404{margin-bottom: 0px !important;padding-bottom: 0px !important;}\u00bb]<\/p>\n<h3 style=\"color: #640934; margin: 0;\">Tienda de bicicletas<\/h3>\n<p style=\"text-transform: none;\">Disponemos de una gran selecci\u00f3n de piezas de recambio, ropa y accesorios in situ<br \/>\n<a href=\"https:\/\/mountain-ride.com\/es\/tienda-y-taller\/\"><img decoding=\"async\" class=\"alignnone size-full wp-image-12058\" src=\"https:\/\/mountain-ride.com\/wp-content\/uploads\/2023\/07\/symbol-pfeil.svg\" alt=\"s\u00edmbolo-l\u00ednea-flecha\"><\/a><\/p>\n<p>[\/vc_column_text][\/vc_column_inner][\/vc_row_inner]\r\n    <div class=\"wd_empty_space\" data-heightmobile=\"20\" \r\n      data-heighttablet=\"20\" data-heightdesktop=\"20\"\r\n      style=\"height: 20px;\" >\r\n    <\/div>\r\n\r\n    [\/vc_column][\/vc_row]<\/p>\n<\/div>","protected":false},"excerpt":{"rendered":"<p>[vc_row][vc_column][\/vc_column][\/vc_row][vc_row full_width=\u00bbstretch_row\u00bb animation_delay=\u00bb300&#8243; el_class=\u00bbrow-without-padding\u00bb css=\u00bb.vc_custom_1688507068402{background: #f8f7f3 url(https:\/\/mountain-ride.com\/wp-content\/uploads\/2023\/07\/bg-relief.png?id=11951) !important;background-position: center !important;background-repeat: no-repeat !important;background-size: cover !important;}\u00bb][vc_column][vc_row_inner][vc_column_inner width=\u00bb1\/6&#8243;][\/vc_column_inner][vc_column_inner width=\u00bb1\/6&#8243;][vc_single_image image=\u00bb13885&#8243; img_size=\u00bbfull\u00bb alignment=\u00bbcenter\u00bb css=\u00bb.vc_custom_1696972560105{margin-bottom: 15px !important;}\u00bb link=\u00bbhttps:\/\/mountain-ride.com\/es\/rutas-en-bicicleta-de-montana\/\u00bb onclick=\u00bbcustom_link\u00bb][vc_column_text] Tours de todo tipo, desde el E-Panorama al \u201cMegatrail\u201d. [\/vc_column_text][\/vc_column_inner][vc_column_inner width=\u00bb1\/12&#8243;][\/vc_column_inner][vc_column_inner width=\u00bb1\/6&#8243;][vc_single_image image=\u00bb13881&#8243; img_size=\u00bbfull\u00bb alignment=\u00bbcenter\u00bb css=\u00bb.vc_custom_1696972601781{margin-bottom: 15px !important;}\u00bb link=\u00bbhttps:\/\/mountain-ride.com\/es\/alquiler-de-bicicletas-la-palma\/\u00bb onclick=\u00bbcustom_link\u00bb][vc_column_text] Alquiler Bicicletas de monta\u00f1a, bicicletas el\u00e9ctricas, bicicletas de carreras [\/vc_column_text][\/vc_column_inner][vc_column_inner width=\u00bb1\/12&#8243;][\/vc_column_inner][vc_column_inner [&hellip;]<\/p>\n","protected":false},"author":1,"featured_media":0,"parent":0,"menu_order":0,"comment_status":"closed","ping_status":"closed","template":"","meta":{"footnotes":""},"class_list":["wd-product-box","post-16100","page","type-page","status-publish","hentry"],"_links":{"self":[{"href":"https:\/\/mountain-ride.com\/es\/wp-json\/wp\/v2\/pages\/16100","targetHints":{"allow":["GET"]}}],"collection":[{"href":"https:\/\/mountain-ride.com\/es\/wp-json\/wp\/v2\/pages"}],"about":[{"href":"https:\/\/mountain-ride.com\/es\/wp-json\/wp\/v2\/types\/page"}],"author":[{"embeddable":true,"href":"https:\/\/mountain-ride.com\/es\/wp-json\/wp\/v2\/users\/1"}],"replies":[{"embeddable":true,"href":"https:\/\/mountain-ride.com\/es\/wp-json\/wp\/v2\/comments?post=16100"}],"version-history":[{"count":10,"href":"https:\/\/mountain-ride.com\/es\/wp-json\/wp\/v2\/pages\/16100\/revisions"}],"predecessor-version":[{"id":18139,"href":"https:\/\/mountain-ride.com\/es\/wp-json\/wp\/v2\/pages\/16100\/revisions\/18139"}],"wp:attachment":[{"href":"https:\/\/mountain-ride.com\/es\/wp-json\/wp\/v2\/media?parent=16100"}],"curies":[{"name":"wp","href":"https:\/\/api.w.org\/{rel}","templated":true}]}}