{"id":16868,"date":"2023-10-12T22:26:10","date_gmt":"2023-10-12T22:26:10","guid":{"rendered":"https:\/\/mountain-ride.com\/politica-de-privacidad\/"},"modified":"2025-04-12T11:58:08","modified_gmt":"2025-04-12T11:58:08","slug":"politica-de-privacidad","status":"publish","type":"page","link":"https:\/\/mountain-ride.com\/es\/politica-de-privacidad\/","title":{"rendered":"Pol\u00edtica de privacidad"},"content":{"rendered":"\n<div class=\"wp-block-columns is-layout-flex wp-container-core-columns-is-layout-28f84493 wp-block-columns-is-layout-flex\">\n<div class=\"wp-block-column is-layout-flow wp-block-column-is-layout-flow\">\n<h2>1. la protecci\u00f3n de datos de un vistazo<\/h2>\n<h3>Informaci\u00f3n general<\/h3>\nLa siguiente informaci\u00f3n proporciona una visi\u00f3n general sencilla de lo que ocurre con tus datos personales cuando visitas nuestro sitio web. Por datos personales se entiende cualquier dato que pueda utilizarse para identificarte personalmente. Puedes encontrar informaci\u00f3n detallada sobre el tema de la protecci\u00f3n de datos en nuestra declaraci\u00f3n de protecci\u00f3n de datos que aparece debajo de este texto.  \n<h3>Recogida de datos en nuestro sitio web<\/h3>\n<strong>\u00bfQui\u00e9n es responsable de la recogida de datos en este sitio web?<\/strong>\n\nEl tratamiento de datos en este sitio web lo lleva a cabo el operador del sitio web. Puedes encontrar los datos de contacto del operador en el aviso legal de este sitio web. \n\n<strong>\u00bfC\u00f3mo recogemos sus datos?<\/strong>\n\nPor un lado, sus datos se recogen cuando nos los proporciona. Puede tratarse, por ejemplo, de los datos que introduce en un formulario de contacto. \n\nNuestros sistemas inform\u00e1ticos recogen autom\u00e1ticamente otros datos cuando visitas el sitio web. Se trata principalmente de datos t\u00e9cnicos (por ejemplo, navegador de Internet, sistema operativo o tiempo de visualizaci\u00f3n de la p\u00e1gina). Estos datos se recogen autom\u00e1ticamente en cuanto entras en nuestro sitio web.  \n\n<strong>\u00bfPara qu\u00e9 utilizamos sus datos?<\/strong>\n\nAlgunos de los datos se recogen para garantizar que el sitio web se proporciona sin errores. Otros datos pueden utilizarse para analizar su comportamiento como usuario. \n\n<strong>\u00bfQu\u00e9 derechos tiene en relaci\u00f3n con sus datos?<\/strong>\n\nTiene derecho a recibir informaci\u00f3n sobre el origen, destinatario y finalidad de sus datos personales almacenados de forma gratuita en cualquier momento. Tambi\u00e9n tienes derecho a solicitar la correcci\u00f3n, el bloqueo o la supresi\u00f3n de estos datos. Puede ponerse en contacto con nosotros en cualquier momento en la direcci\u00f3n indicada en el aviso legal si tiene m\u00e1s preguntas sobre el tema de la protecci\u00f3n de datos. Tambi\u00e9n tienes derecho a presentar una reclamaci\u00f3n ante la autoridad de control competente.   \n\nTambi\u00e9n tiene derecho a solicitar la restricci\u00f3n del tratamiento de sus datos personales en determinadas circunstancias. Para m\u00e1s detalles, consulta la pol\u00edtica de privacidad en el apartado \u00abDerecho a la restricci\u00f3n del tratamiento\u00bb. \n<h2>2 Notas generales e informaci\u00f3n obligatoria<\/h2>\n<h3>Protecci\u00f3n de datos<\/h3>\nLos operadores de estas p\u00e1ginas se toman muy en serio la protecci\u00f3n de sus datos personales. Tratamos sus datos personales confidencialmente y de acuerdo con las normas legales de protecci\u00f3n de datos y esta pol\u00edtica de privacidad. \n\nCuando utiliza este sitio web, se recogen diversos datos personales. Los datos personales son datos que pueden utilizarse para identificarle personalmente. Esta pol\u00edtica de privacidad explica qu\u00e9 datos recogemos y para qu\u00e9 los utilizamos. Tambi\u00e9n explica c\u00f3mo y con qu\u00e9 fin lo hacemos.   \n\nNos gustar\u00eda se\u00f1alar que la transmisi\u00f3n de datos a trav\u00e9s de Internet (por ejemplo, cuando se comunica por correo electr\u00f3nico) puede estar sujeta a vulnerabilidades de seguridad. No es posible una protecci\u00f3n completa de los datos contra el acceso de terceros. \n<h3>Nota sobre el organismo responsable<\/h3>\nEl responsable del tratamiento de datos en este sitio web es\n\nMountain Ride S.L. \nCalle Sansofe 19\n38760 Los Llanos de Aridane\n\nTel\u00e9fono: 0034 . 659 52 09 09\nCorreo electr\u00f3nico: lapalma@mountain-ride.com \n\nEl responsable del tratamiento es la persona f\u00edsica o jur\u00eddica que, sola o conjuntamente con otras, determina los fines y los medios del tratamiento de los datos personales (por ejemplo, nombres, direcciones de correo electr\u00f3nico, etc.).\n<h3>Revocaci\u00f3n de su consentimiento para el tratamiento de datos<\/h3>\nMuchas operaciones de tratamiento de datos s\u00f3lo son posibles con su consentimiento expreso. Puede revocar cualquier consentimiento que ya haya dado en cualquier momento. S\u00f3lo tienes que enviarnos un correo electr\u00f3nico informal. La legalidad del tratamiento de datos realizado hasta la revocaci\u00f3n no se ver\u00e1 afectada por \u00e9sta.   \n<h3>Derecho a oponerse a la recogida de datos en casos especiales y a la mercadotecnia directa (Art. 21 GDPR)<\/h3>\n<strong>Si el tratamiento de datos se lleva a cabo sobre la base del Art. 6 p\u00e1rr. 1 lit. e o f GDPR, tiene derecho a oponerse al tratamiento de sus datos personales en cualquier momento por motivos derivados de su situaci\u00f3n particular; esto tambi\u00e9n se aplica a la elaboraci\u00f3n de perfiles basada en estas disposiciones. La base jur\u00eddica respectiva en la que se basa el procesamiento se puede encontrar en esta pol\u00edtica de privacidad. Si presenta una objeci\u00f3n, dejaremos de procesar sus datos personales en cuesti\u00f3n, a menos que podamos demostrar motivos leg\u00edtimos imperiosos para el procesamiento que prevalezcan sobre sus intereses, derechos y libertades, o que el procesamiento sirva para el establecimiento, ejercicio o defensa de reclamaciones legales (objeci\u00f3n conforme al Art. 21 (1) GDPR).    <\/strong>\n\n<strong>Si sus datos personales se procesan con fines de marketing directo, tiene derecho a oponerse en cualquier momento al procesamiento de los datos personales que conciernen con fines de dicho marketing; esto tambi\u00e9n se aplica a la elaboraci\u00f3n de perfiles en la medida en que est\u00e9 asociada a dicho marketing directo. Si usted se opone, sus datos personales dejar\u00e1n de utilizarse posteriormente para fines de marketing directo (oposici\u00f3n conforme al Art. 21 (2) GDPR). <\/strong>\n<h3>Derecho a presentar una reclamaci\u00f3n ante la autoridad de control competente<\/h3>\nEn caso de infracci\u00f3n del RGPD, los interesados tienen derecho a presentar una reclamaci\u00f3n ante una autoridad de control, en particular en el Estado miembro de su residencia habitual, lugar de trabajo o lugar de la presunta infracci\u00f3n. El derecho a presentar una reclamaci\u00f3n se entiende sin perjuicio de cualquier otro recurso administrativo o judicial. \n<h3>Derecho a la portabilidad de los datos<\/h3>\nTiene derecho a que los datos que procesamos autom\u00e1ticamente sobre la base de su consentimiento o en cumplimiento de un contrato le sean entregados a usted o a un tercero en un formato de uso com\u00fan legible por m\u00e1quina. Si solicita la transferencia directa de los datos a otro responsable del tratamiento, s\u00f3lo se llevar\u00e1 a cabo si es t\u00e9cnicamente factible. \n<h3>Encriptaci\u00f3n SSL o TLS<\/h3>\nEste sitio utiliza encriptaci\u00f3n SSL o TLS por razones de seguridad y para proteger la transmisi\u00f3n de contenido confidencial, como pedidos o consultas que nos env\u00edas como operador del sitio. Puedes reconocer una conexi\u00f3n encriptada por el hecho de que la l\u00ednea de direcci\u00f3n del navegador cambia de \u00abhttp:\/\/\u00bb a \u00abhttps:\/\/\u00bb y por el s\u00edmbolo del candado en la l\u00ednea de tu navegador.  \n\nSi la encriptaci\u00f3n SSL o TLS est\u00e1 activada, los datos que nos transmitas no podr\u00e1n ser le\u00eddos por terceros.\n<h3>Informaci\u00f3n, bloqueo, supresi\u00f3n y rectificaci\u00f3n<\/h3>\nEn el marco de las disposiciones legales aplicables, tienes derecho a recibir informaci\u00f3n gratuita sobre sus datos personales almacenados, su origen y destinatarios y la finalidad del tratamiento de datos y, en caso necesario, derecho a la rectificaci\u00f3n, bloqueo o eliminaci\u00f3n de estos datos en cualquier momento. Puede ponerse en contacto con nosotros en cualquier momento en la direcci\u00f3n indicada en el aviso legal si tiene m\u00e1s preguntas sobre el tema de los datos personales. \n<h3>Derecho a la limitaci\u00f3n del tratamiento<\/h3>\nTiene derecho a solicitar la limitaci\u00f3n del tratamiento de sus datos personales. Para ello, puede ponerse en contacto con nosotros en cualquier momento en la direcci\u00f3n que figura en el aviso legal. El derecho a la restricci\u00f3n del tratamiento existe en los siguientes casos:  \n<ul>\n \t<li>Si impugna la exactitud de sus datos personales almacenados por nosotros, generalmente necesitamos tiempo para comprobarlo. Mientras dure la revisi\u00f3n, tiene derecho a solicitar que se restrinja el tratamiento de sus datos personales. <\/li>\n \t<li>Si el tratamiento de sus datos personales fue\/es ilegal, puede solicitar la limitaci\u00f3n del tratamiento de datos en lugar de su supresi\u00f3n.<\/li>\n \t<li>Si ya no necesitamos sus datos personales, pero usted los necesita para el ejercicio, defensa o reclamaci\u00f3n de acciones legales, tiene derecho a solicitar la limitaci\u00f3n del tratamiento de sus datos personales en lugar de su supresi\u00f3n.<\/li>\n \t<li>Si ha presentado una objeci\u00f3n de acuerdo con el Art. 21 (1) GDPR, se debe alcanzar un equilibrio entre sus intereses y los nuestros. Mientras no se haya determinado qu\u00e9 intereses prevalecen, usted tiene derecho a solicitar la restricci\u00f3n del tratamiento de sus datos personales.  <\/li>\n<\/ul>\nSi usted ha restringido el tratamiento de sus datos personales, estos datos -aparte de su almacenamiento- s\u00f3lo podr\u00e1n tratarse con su consentimiento o para el reconocimiento, ejercicio o defensa de reclamaciones judiciales o para la protecci\u00f3n de los derechos de otra persona f\u00edsica o jur\u00eddica o por razones de inter\u00e9s p\u00fablico importante de la Uni\u00f3n Europea o de un Estado miembro.\n<h3>Objeci\u00f3n a los correos electr\u00f3nicos publicitarios<\/h3>\nPor la presente nos oponemos al uso de los datos de contacto publicados como parte de nuestra obligaci\u00f3n de proporcionar un aviso legal con el fin de enviar material publicitario e informativo no solicitado. Los operadores de este sitio web se reservan expresamente el derecho a emprender acciones legales en caso de env\u00edo no solicitado de informaci\u00f3n publicitaria, como correos electr\u00f3nicos basura. \n<\/div>\n\n\n\n<div class=\"wp-block-column is-layout-flow wp-block-column-is-layout-flow\">\n<h2>3. Recogida de datos en nuestro sitio web<\/h2>\n<h3>Cookies<\/h3>\nAlgunas de las p\u00e1ginas de Internet utilizan cookies. Las cookies no da\u00f1an su ordenador y no contienen virus. Las cookies se utilizan para que nuestro sitio web sea m\u00e1s f\u00e1cil de usar, eficaz y seguro. Las cookies son peque\u00f1os archivos de texto que se almacenan en su ordenador y que guarda tu navegador.   \n\nLa mayor\u00eda de las cookies que utilizamos son las \u00abcookies de sesi\u00f3n\u00bb. Se eliminan autom\u00e1ticamente al final de su visita. Otras cookies permanecen almacenadas en su dispositivo final hasta que las elimina. Estas cookies nos permiten reconocer su navegador en tu pr\u00f3xima visita.   \n\nPuede configurar su navegador para que le informe sobre la instalaci\u00f3n de cookies y permitirlas s\u00f3lo en casos individuales, excluir la aceptaci\u00f3n de cookies para determinados casos o en general y activar la eliminaci\u00f3n autom\u00e1tica de cookies al cerrar el navegador. Si se desactivan las cookies, la funcionalidad de este sitio web puede verse restringida. \n\nLas cookies que son necesarias para llevar a cabo el proceso de comunicaci\u00f3n electr\u00f3nica o para proporcionar ciertas funciones que ha solicitado (por ejemplo, la funci\u00f3n de cesta de la compra) se almacenan sobre la base del Art. 6 p\u00e1rr. 1 lit. f GDPR. El operador del sitio web tiene un inter\u00e9s leg\u00edtimo en el almacenamiento de cookies para la prestaci\u00f3n t\u00e9cnicamente sin errores y optimizada de sus servicios. En la medida en que se almacenen otras cookies (por ejemplo, cookies para analizar tu comportamiento de navegaci\u00f3n), \u00e9stas se tratan por separado en esta pol\u00edtica de privacidad.    \n<h3>Formulario de contacto<\/h3>\nSi nos env\u00eda consultas a trav\u00e9s del formulario de contacto, tus datos del formulario de consulta, incluidos los datos de contacto que nos facilites all\u00ed, ser\u00e1n almacenados por nosotros con el fin de procesar la consulta y en caso de preguntas de seguimiento. No transmitiremos estos datos sin su consentimiento. \n\nPor lo tanto, los datos introducidos en el formulario de contacto se procesan exclusivamente sobre la base de su consentimiento (Art. 6 p\u00e1rr. 1 lit. a GDPR). Puede revocar este consentimiento en cualquier momento. S\u00f3lo tiene que enviarnos un correo electr\u00f3nico informal. La legalidad de las operaciones de tratamiento de datos realizadas hasta la revocaci\u00f3n no se ver\u00e1 afectada por \u00e9sta.   \n\nConservaremos los datos que nos facilite en el formulario de contacto hasta que solicite su eliminaci\u00f3n, revoque su consentimiento para su almacenamiento o deje de existir la finalidad de su almacenamiento (por ejemplo, tras satisfacer tu solicitud). Las disposiciones legales obligatorias -en particular los periodos de conservaci\u00f3n- no se ver\u00e1n afectadas. \n<h3>Consulta por correo electr\u00f3nico, tel\u00e9fono o fax<\/h3>\nSi usted se pone en contacto con nosotros por correo electr\u00f3nico, tel\u00e9fono o fax, su consulta, incluidos todos los datos personales (nombre, consulta), ser\u00e1 almacenada y procesada por nosotros con el fin de tramitar su solicitud. No transmitiremos estos datos sin su consentimiento. \n\nEstos datos se procesan sobre la base del Art. 6 p\u00e1rr. 1 lit. b GDPR si su consulta est\u00e1 relacionada con el cumplimiento de un contrato o es necesaria para la aplicaci\u00f3n de medidas precontractuales. En todos los dem\u00e1s casos, el tratamiento se basa en su consentimiento (Art. 6 p\u00e1rr. 1 lit. a GDPR) y\/o en nuestros intereses leg\u00edtimos (Art. 6 p\u00e1rr. 1 lit. f GDPR), ya que tenemos un inter\u00e9s leg\u00edtimo en el tratamiento efectivo de las consultas que se nos dirigen.   \n\nLos datos que nos env\u00ede usted a trav\u00e9s de solicitudes de contacto permanecer\u00e1n con nosotros hasta que nos pidas que los eliminemos, revoquemos su consentimiento para el almacenamiento o deje de aplicarse el prop\u00f3sito para el almacenamiento de datos (por ejemplo, despu\u00e9s de que se haya procesado su solicitud). Las disposiciones legales obligatorias -en particular los periodos de conservaci\u00f3n legales- no se ver\u00e1n afectadas. \n<h2>4\u00ba Bolet\u00edn<\/h2>\n<h3>Rapidmail<\/h3>\nEste sitio web utiliza Rapidmail para enviar boletines informativos. El proveedor es rapidmail GmbH, Augustinerplatz 2, 79098 Friburgo de Brisgovia, Alemania.\n\nRapidmail es un servicio que sirve, entre otras cosas, para organizar y analizar el env\u00edo de boletines informativos. Los datos que introduces para suscribirte al bolet\u00edn se almacenan en los servidores de Rapidmail en Alemania. \n\nSi no desea ser analizado por Rapidmail, usted debe darse de baja del bolet\u00edn. Proporcionamos un enlace para este fin en cada mensaje del bolet\u00edn. Tambi\u00e9n usted puede darse de baja del bolet\u00edn directamente en el sitio web.  \n\n<strong>An\u00e1lisis de datos por Rapidmail<\/strong>\n\nA efectos de an\u00e1lisis, los correos electr\u00f3nicos enviados con Rapidmail contienen un denominado \u00abp\u00edxel de seguimiento\u00bb, que se conecta a los servidores de Rapidmail cuando se abre el correo electr\u00f3nico. De este modo, se puede determinar si se ha abierto un mensaje del bolet\u00edn. \n\nTambi\u00e9n podemos utilizar Rapidmail para determinar si se hace clic en los enlaces del mensaje del bolet\u00edn y en cu\u00e1les. Todos los enlaces del correo electr\u00f3nico son los llamados enlaces de seguimiento que pueden utilizarse para contar los clics. \n\nPuede obtener m\u00e1s informaci\u00f3n sobre las funciones de an\u00e1lisis de Rapidmail en el siguiente enlace: <a href=\"https:\/\/de.rapidmail.wiki\/kategorien\/statistiken\/\" target=\"_blank\" rel=\"noopener noreferrer\">https:\/\/de.rapidmail.wiki\/kategorien\/statistiken\/.<\/a>\n\n<strong>Base jur\u00eddica<\/strong>\n\nEl tratamiento de datos se realiza sobre la base de su consentimiento (Art. 6 p\u00e1rr. 1 lit. a GDPR). Puede revocar este consentimiento en cualquier momento. La revocaci\u00f3n no afectar\u00e1 a la legalidad de las operaciones de tratamiento de datos que ya hayan tenido lugar.  \n\n<strong>Duraci\u00f3n del almacenamiento<\/strong>\n\nLos datos que nos proporcione con el fin de suscribirse al bolet\u00edn ser\u00e1n almacenados por nosotros hasta que usted se de de baja del bolet\u00edn y eliminados tanto de nuestros servidores como de los servidores de Rapidmail despu\u00e9s de que se de de baja del bolet\u00edn. Los datos almacenados por nosotros para otros fines no se ver\u00e1n afectados por esto. \n\nPara m\u00e1s informaci\u00f3n, consulta la informaci\u00f3n sobre seguridad de datos de Rapidmail en: <a href=\"https:\/\/www.rapidmail.de\/datensicherheit\" target=\"_blank\" rel=\"noopener noreferrer\">https:\/\/www.rapidmail.de\/datensicherheit.<\/a>\n\n<strong>Celebraci\u00f3n de un contrato para la tramitaci\u00f3n de un pedido<\/strong>\n\nHemos celebrado un contrato con Rapidmail en el que obligamos a Rapidmail a proteger los datos de nuestros clientes y a no transmitirlos a terceros. Este contrato puede consultarse en el siguiente enlace: <a href=\"https:\/\/de.rapidmail.wiki\/files\/adv\/muster-auftragsdatenverarbeitung.pdf\" target=\"_blank\" rel=\"noopener noreferrer\">https:\/\/de.rapidmail.wiki\/files\/adv\/muster-auftragsdatenverarbeitung.pdf.<\/a> \n<h2>5. plugins y herramientas<\/h2>\n<h3>Fuentes Web Google<\/h3>\nEste sitio utiliza las llamadas fuentes web proporcionadas por Google para la visualizaci\u00f3n estandarizada de fuentes. Las fuentes de Google se instalan localmente. No hay conexi\u00f3n con los servidores de Google.  \n<\/div>\n<\/div>\n","protected":false},"excerpt":{"rendered":"<p>1. la protecci\u00f3n de datos de un vistazo Informaci\u00f3n general La siguiente informaci\u00f3n proporciona una visi\u00f3n general sencilla de lo que ocurre con tus datos personales cuando visitas nuestro sitio web. Por datos personales se entiende cualquier dato que pueda utilizarse para identificarte personalmente. Puedes encontrar informaci\u00f3n detallada sobre el tema de la protecci\u00f3n de [&hellip;]<\/p>\n","protected":false},"author":1,"featured_media":0,"parent":0,"menu_order":0,"comment_status":"closed","ping_status":"closed","template":"","meta":{"footnotes":""},"class_list":["wd-product-box","post-16868","page","type-page","status-publish","hentry"],"_links":{"self":[{"href":"https:\/\/mountain-ride.com\/es\/wp-json\/wp\/v2\/pages\/16868","targetHints":{"allow":["GET"]}}],"collection":[{"href":"https:\/\/mountain-ride.com\/es\/wp-json\/wp\/v2\/pages"}],"about":[{"href":"https:\/\/mountain-ride.com\/es\/wp-json\/wp\/v2\/types\/page"}],"author":[{"embeddable":true,"href":"https:\/\/mountain-ride.com\/es\/wp-json\/wp\/v2\/users\/1"}],"replies":[{"embeddable":true,"href":"https:\/\/mountain-ride.com\/es\/wp-json\/wp\/v2\/comments?post=16868"}],"version-history":[{"count":1,"href":"https:\/\/mountain-ride.com\/es\/wp-json\/wp\/v2\/pages\/16868\/revisions"}],"predecessor-version":[{"id":16869,"href":"https:\/\/mountain-ride.com\/es\/wp-json\/wp\/v2\/pages\/16868\/revisions\/16869"}],"wp:attachment":[{"href":"https:\/\/mountain-ride.com\/es\/wp-json\/wp\/v2\/media?parent=16868"}],"curies":[{"name":"wp","href":"https:\/\/api.w.org\/{rel}","templated":true}]}}