{"id":15718,"date":"2023-10-11T02:37:41","date_gmt":"2023-10-11T02:37:41","guid":{"rendered":"https:\/\/mountain-ride.com\/la-palma\/"},"modified":"2025-05-19T16:32:20","modified_gmt":"2025-05-19T16:32:20","slug":"la-palma","status":"publish","type":"page","link":"https:\/\/mountain-ride.com\/fr\/la-palma\/","title":{"rendered":"La Palma"},"content":{"rendered":"<div class=\"wpb-content-wrapper\"><p>[vc_row][vc_column]\n\t\t\t\t<p class=\"rs-p-wp-fix\"><\/p>\n\t\t\t\t<sr7-module data-alias=\"laden-und-werkstatt-1\" data-id=\"18\" id=\"SR7_18_1\" class=\"rs-ov-hidden\" data-version=\"6.7.52\">\n\t\t\t\t\t<sr7-adjuster><\/sr7-adjuster>\n\t\t\t\t\t<sr7-content>\n\t\t\t\t\t\t<sr7-slide id=\"SR7_18_1-31\" data-key=\"31\">\n\t\t\t\t\t\t\t<sr7-bg id=\"SR7_18_1-31-4\" class=\"sr7-layer\"><noscript><img decoding=\"async\" src=\"https:\/\/mountain-ride.com\/wp-content\/uploads\/2023\/10\/La-Palma-Isla-Bonita.jpg\" alt=\"La Palma Kanaren\" title=\"La-Palma-Isla-Bonita\"><\/noscript><\/sr7-bg>\n\t\t\t\t\t\t\t<sr7-txt id=\"SR7_18_1-31-1\" class=\"sr7-layer\">La Palma<\/sr7-txt>\n\t\t\t\t\t\t\t<sr7-txt id=\"SR7_18_1-31-2\" class=\"sr7-layer\">La Perle de <br \/>\nl'Atlantique<\/sr7-txt>\n\t\t\t\t\t\t\t<sr7-txt id=\"SR7_18_1-31-3\" class=\"sr7-layer\">La Isla Bonita<\/sr7-txt>\n\t\t\t\t\t\t<\/sr7-slide>\n\t\t\t\t\t\t<sr7-slide id=\"SR7_18_1-83\" data-key=\"83\">\n\t\t\t\t\t\t<\/sr7-slide>\n\t\t\t\t\t<\/sr7-content>\n\t\t\t\t\t<image_lists style=\"display:none\">\n\t\t\t\t\t\t<img data-src=\"\/\/mountain-ride.com\/wp-content\/uploads\/2023\/10\/La-Palma-Isla-Bonita.jpg\" data-libid=\"13443\" data-lib=\"medialibrary\" alt=\"La Palma Kanaren\" title=\"La-Palma-Isla-Bonita\" width=\"0\" height=\"0\" data-dbsrc=\"Ly9tb3VudGFpbi1yaWRlLmNvbS93cC1jb250ZW50L3VwbG9hZHMvMjAyMy8xMC9MYS1QYWxtYS1Jc2xhLUJvbml0YS5qcGc=\"\/>\n\t\t\t\t\t<\/image_lists>\n\t\t\t\t<\/sr7-module>\n\t\t\t\t<script>\n\t\t\t\t\twindow.SR7 ??={};SR7.PMH ??={}; SR7.PMH[\"SR7_18_1\"] = {cn:100,state:false,fn: function() { if (window._tpt!==undefined && window._tpt.prepareModuleHeight !== undefined) {  _tpt.prepareModuleHeight({id:\"SR7_18_1\",el:[600,600,600,600,400],type:'standard',shdw:'0',gh:[600,600,600,600,400],gw:[1240,1240,1024,778,480],vpt:['-200px&#039;,&#039;-200px&#039;,&#039;-200px&#039;,&#039;-200px&#039;,&#039;-200px'],size:{fullWidth:true, fullHeight:false},mh:'0',onh:0,onw:0,bg:{color:'{\"orig\":\"transparent\",\"type\":\"solid\",\"string\":\"transparent\"}'}});   SR7.PMH[\"SR7_18_1\"].state=true;} else if(SR7.PMH[\"SR7_18_1\"].cn-->0)\tsetTimeout( SR7.PMH[\"SR7_18_1\"].fn,19);}};SR7.PMH[\"SR7_18_1\" ].fn();\n\t\t\t\t<\/script>\n[\/vc_column][\/vc_row][vc_row full_width=\u00a0\u00bbstretch_row_content\u00a0\u00bb css=\u00a0\u00bb.vc_custom_1693425027570{border-top-width: 2px !important;border-bottom-width: 2px !important;padding-top: 2px !important;padding-bottom: 2px !important;background-color: #ffffff !important;border-top-color: #ddd5cc !important;border-top-style: solid !important;border-bottom-color: #ddd5cc !important;border-bottom-style: solid !important;}\u00a0\u00bb][vc_column offset=\u00a0\u00bbvc_col-lg-offset-1 vc_col-lg-10 vc_col-md-offset-0 vc_col-md-12 vc_col-sm-offset-0 vc_col-xs-12 vc_hidden-xs\u00a0\u00bb css=\u00a0\u00bb.vc_custom_1696990676359{padding-top: 0px !important;}\u00a0\u00bb]\r\n    <div class=\"wd_empty_space\" data-heightmobile=\"0px\" \r\n      data-heighttablet=\"10px\" data-heightdesktop=\"18px\"\r\n      style=\"height: 18pxpx;\" >\r\n    <\/div>\r\n\r\n    [vc_column_text css=\u00a0\u00bb.vc_custom_1696992530018{margin-bottom: 0px !important;}\u00a0\u00bb]<\/p>\n<div style=\"width: 100%; float: left;\">\n<div style=\"width: 7%; float: left;\"><img decoding=\"async\" style=\"width: 95%; height: auto; padding-right: 5%; max-width: 32px; float: right;\" src=\"https:\/\/mountain-ride.com\/wp-content\/uploads\/2023\/10\/subnavi-zeitzone.svg\" alt=\"Fuseau horaire\"><\/div>\n<div style=\"width: 13%; float: left;\">\n<h6 style=\"margin-top: 0; line-height: 1.05em;\"><strong>Fuseau horaire<\/strong><br \/>\n-1 h (GMT)<\/h6>\n<\/div>\n<div style=\"width: 6%; float: left; color: #fff;\">.<\/div>\n<div style=\"width: 7%; float: left;\"><img decoding=\"async\" style=\"width: 95%; height: auto; padding-right: 5%; max-width: 32px; float: right;\" src=\"https:\/\/mountain-ride.com\/wp-content\/uploads\/2023\/10\/subnavi-sonne.svg\" alt=\"Soleil\"><\/div>\n<div style=\"width: 13%; float: left;\">\n<h6 style=\"margin-top: 0; line-height: 1.05em;\"><strong>Heures d&rsquo;ensoleillement<\/strong><br \/>\nenv. 7 h en hiver<\/h6>\n<\/div>\n<div style=\"width: 6%; float: left; color: #fff;\">.<\/div>\n<div style=\"width: 7%; float: left;\"><img decoding=\"async\" style=\"width: 95%; height: auto; padding-right: 5%; max-width: 32px; float: right;\" src=\"https:\/\/mountain-ride.com\/wp-content\/uploads\/2023\/10\/subnavi-temperatur.svg\" alt=\"Temp\u00e9rature\"><\/div>\n<div style=\"width: 13%; float: left;\">\n<h6 style=\"margin-top: 0; line-height: 1.05em;\"><strong>Temp\u00e9rature hiver<\/strong><br \/>\n\u00d8 16-22 \u00b0C<\/h6>\n<\/div>\n<div style=\"width: 6%; float: left; color: #fff;\">.<\/div>\n<div style=\"width: 7%; float: left;\"><img decoding=\"async\" style=\"width: 95%; height: auto; padding-right: 5%; max-width: 32px; float: right;\" src=\"https:\/\/mountain-ride.com\/wp-content\/uploads\/2023\/10\/subnavi-kalender.svg\" alt=\"Toute l'ann\u00e9e\"><\/div>\n<div style=\"width: 13%; float: left;\">\n<h6 style=\"margin-top: 0; line-height: 1.05em;\"><strong>Bonnes<\/strong> conditions de<br \/>\nBike <strong>toute l&rsquo;ann\u00e9e<\/strong><\/h6>\n<\/div>\n<\/div>\n<p>[\/vc_column_text]\r\n    <div class=\"wd_empty_space\" data-heightmobile=\"20px\" \r\n      data-heighttablet=\"20px\" data-heightdesktop=\"16px\"\r\n      style=\"height: 16pxpx;\" >\r\n    <\/div>\r\n\r\n    [\/vc_column][vc_column offset=\u00a0\u00bbvc_hidden-lg vc_hidden-md vc_hidden-sm vc_col-xs-12 vc_hidden-xs\u00a0\u00bb][vc_column_text css=\u00a0\u00bb.vc_custom_1693584260661{margin-bottom: 0px !important;}\u00a0\u00bb]<\/p>\n<div style=\"width: 100%; float: left; margin-top: -30px;\">\n<div style=\"width: 21%; float: left;\"><img decoding=\"async\" style=\"width: 97%; height: auto; padding-right: 3%; max-width: 62px; float: right;\" src=\"https:\/\/mountain-ride.com\/wp-content\/uploads\/2023\/09\/subnav-level-jt.svg\" alt=\"Altitude-Justtrailstour\"><\/div>\n<div style=\"width: 32%; float: left;\">\n<h6 style=\"margin-top: 0; line-height: 1.05em; font-size: 0.6em;\">50-300 hm<br \/>\n2000-4000 tm<\/h6>\n<\/div>\n<div style=\"width: 2%; float: left; color: #fff;\">.<\/div>\n<div style=\"width: 15%; float: left;\"><img decoding=\"async\" style=\"width: 95%; height: auto; padding-right: 5%; max-width: 32px; float: right;\" src=\"https:\/\/mountain-ride.com\/wp-content\/uploads\/2023\/09\/subnav-dauer.svg\" alt=\"Dur\u00e9e du tour\"><\/div>\n<div style=\"width: 30%; float: left;\">\n<h6 style=\"margin-top: 0; line-height: 1.05em; font-size: 0.6em;\"><strong>Dur\u00e9e<\/strong><br \/>\n6-8 h<\/h6>\n<\/div>\n<div style=\"clear: both; color: #fff;\">.<\/div>\n<div style=\"width: 21%; float: left;\"><img decoding=\"async\" style=\"width: 97%; height: auto; padding-right: 3%; max-width: 62px; float: right;\" src=\"https:\/\/mountain-ride.com\/wp-content\/uploads\/2023\/09\/subnav-transfer.svg\" alt=\"Quantit\u00e9 de transfert\"><\/div>\n<div style=\"width: 32%; float: left;\">\n<h6 style=\"margin-top: 0; line-height: 1.05em; font-size: 0.6em;\"><strong>Navettes<\/strong><br \/>\n1-4\/jour<\/h6>\n<\/div>\n<div style=\"width: 2%; float: left; color: #fff;\">.<\/div>\n<div style=\"width: 15%; float: left;\"><img decoding=\"async\" style=\"width: 95%; height: auto; padding-right: 5%; max-width: 32px; float: right;\" src=\"https:\/\/mountain-ride.com\/wp-content\/uploads\/2023\/09\/subnav-365.svg\" alt=\"Tour de 365 jours\"><\/div>\n<div style=\"width: 30%; float: left;\">\n<h6 style=\"margin-top: 0; line-height: 1.05em; font-size: 0.6em;\"><strong>Mise en \u0153uvre<\/strong><br \/>\ntoute l&rsquo;ann\u00e9e<\/h6>\n<\/div>\n<\/div>\n<p>[\/vc_column_text]\r\n    <div class=\"wd_empty_space\" data-heightmobile=\"20px\" \r\n      data-heighttablet=\"20px\" data-heightdesktop=\"16px\"\r\n      style=\"height: 16pxpx;\" >\r\n    <\/div>\r\n\r\n    [\/vc_column][\/vc_row][vc_row][vc_column][vc_row_inner equal_height=\u00a0\u00bbyes\u00a0\u00bb][vc_column_inner width=\u00a0\u00bb1\/3&Prime; offset=\u00a0\u00bbvc_col-lg-1\/5 vc_col-md-1\/5 vc_col-xs-6&Prime;][vc_single_image image=\u00a0\u00bb15348&Prime; img_size=\u00a0\u00bbfull\u00a0\u00bb alignment=\u00a0\u00bbcenter\u00a0\u00bb css=\u00a0\u00bb.vc_custom_1696990709519{margin-bottom: 6% !important;padding-bottom: 0px !important;}\u00a0\u00bb][vc_column_text]<\/p>\n<h4 style=\"text-align: center; margin: 0px;\">Climat<\/h4>\n<p style=\"text-align: center;\">Le printemps \u00e9ternel des \u00eeles Canaries.<\/p>\n<p>[\/vc_column_text][\/vc_column_inner][vc_column_inner width=\u00a0\u00bb1\/3&Prime; offset=\u00a0\u00bbvc_col-lg-1\/5 vc_col-md-1\/5 vc_col-xs-6&Prime;][vc_single_image image=\u00a0\u00bb15344&Prime; img_size=\u00a0\u00bbfull\u00a0\u00bb alignment=\u00a0\u00bbcenter\u00a0\u00bb css=\u00a0\u00bb.vc_custom_1696990726188{margin-bottom: 6% !important;padding-bottom: 0px !important;}\u00a0\u00bb][vc_column_text]<\/p>\n<h4 style=\"text-align: center; margin: 0px;\">Flora<\/h4>\n<p style=\"text-align: center;\">Satur\u00e9 et divers &#8211; une incroyable diversit\u00e9 dans un espace r\u00e9duit.<\/p>\n<p>[\/vc_column_text][\/vc_column_inner][vc_column_inner width=\u00a0\u00bb1\/3&Prime; offset=\u00a0\u00bbvc_col-lg-1\/5 vc_col-md-1\/5 vc_col-xs-6&Prime;][vc_single_image image=\u00a0\u00bb15340&Prime; img_size=\u00a0\u00bbfull\u00a0\u00bb alignment=\u00a0\u00bbcenter\u00a0\u00bb css=\u00a0\u00bb.vc_custom_1696990734533{margin-bottom: 6% !important;padding-bottom: 0px !important;}\u00a0\u00bb][vc_column_text]<\/p>\n<h4 style=\"text-align: center; margin: 0px;\">Faune<\/h4>\n<p style=\"text-align: center;\">La faune qui caract\u00e9rise cette \u00eele.<\/p>\n<p>[\/vc_column_text][\/vc_column_inner][vc_column_inner width=\u00a0\u00bb1\/3&Prime; offset=\u00a0\u00bbvc_col-lg-offset-0 vc_col-lg-1\/5 vc_col-md-offset-0 vc_col-md-1\/5 vc_col-sm-offset-2 vc_col-xs-6&Prime;][vc_single_image image=\u00a0\u00bb15352&Prime; img_size=\u00a0\u00bbfull\u00a0\u00bb alignment=\u00a0\u00bbcenter\u00a0\u00bb css=\u00a0\u00bb.vc_custom_1696990744779{margin-bottom: 6% !important;padding-bottom: 0px !important;}\u00a0\u00bb][vc_column_text]<\/p>\n<h4 style=\"text-align: center; margin: 0px;\">Culinaire<\/h4>\n<p style=\"text-align: center;\">De la cuisine typiquement palm\u00e9rienne \u00e0 l&rsquo;excellence internationale.<\/p>\n<p>[\/vc_column_text][\/vc_column_inner][vc_column_inner width=\u00a0\u00bb1\/3&Prime; offset=\u00a0\u00bbvc_col-lg-1\/5 vc_col-md-1\/5 vc_col-sm-offset-0 vc_col-xs-offset-3 vc_col-xs-6&Prime;][vc_single_image image=\u00a0\u00bb15356&Prime; img_size=\u00a0\u00bbfull\u00a0\u00bb alignment=\u00a0\u00bbcenter\u00a0\u00bb css=\u00a0\u00bb.vc_custom_1696990756789{margin-bottom: 6% !important;padding-bottom: 0px !important;}\u00a0\u00bb][vc_column_text]<\/p>\n<h4 style=\"text-align: center; margin: 0px;\">Culture<\/h4>\n<p style=\"text-align: center;\">Un lieu charg\u00e9 d&rsquo;histoire et de f\u00eates qui m\u00e9ritent d&rsquo;\u00eatre c\u00e9l\u00e9br\u00e9es.<\/p>\n<p>[\/vc_column_text][\/vc_column_inner][\/vc_row_inner][\/vc_column][\/vc_row][vc_row full_width=\u00a0\u00bbstretch_row\u00a0\u00bb css=\u00a0\u00bb.vc_custom_1693427815860{background: #f8f7f3 url(https:\/\/mountain-ride.com\/wp-content\/uploads\/2023\/08\/bg-relief-weiss_2.png?id=12509) !important;}\u00a0\u00bb][vc_column][vc_row_inner][vc_column_inner width=\u00a0\u00bb3\/5&Prime; offset=\u00a0\u00bbvc_col-lg-offset-1 vc_col-lg-5 vc_col-sm-offset-0 vc_col-xs-offset-1 vc_col-xs-10&Prime;][vc_column_text]<\/p>\n<h2><span style=\"color: #640934;\">L&rsquo;\u00eele de l&rsquo;\u00e9ternel printemps<\/span><\/h2>\n<p><strong>La Palma a de nombreux surnoms. La Isla Verde (l&rsquo;\u00eele verte), ou encore La Isla Bonita (la belle \u00eele) n&rsquo;en sont que quelques-unes.<br \/>\n<\/strong>Une fois sur place, on se rend compte que cette petite \u00eele des Canaries a un potentiel addictif.<\/p>\n<p>Il n&rsquo;y a pas d&rsquo;autre explication au fait que les visiteurs reviennent souvent ici ann\u00e9e apr\u00e8s ann\u00e9e. L&rsquo;ensemble de ce climat agr\u00e9able et de ce rythme particulier fait la diff\u00e9rence, car on ne trouve pas ici de tourisme de masse.[\/vc_column_text]\r\n    <div class=\"wd_empty_space\" data-heightmobile=\"10px\" \r\n      data-heighttablet=\"30px\" data-heightdesktop=\"50px\"\r\n      style=\"height: 50pxpx;\" >\r\n    <\/div>\r\n\r\n    [\/vc_column_inner][vc_column_inner width=\u00a0\u00bb2\/5&Prime; offset=\u00a0\u00bbvc_col-lg-offset-1 vc_col-lg-4 vc_col-sm-offset-0 vc_col-xs-offset-1 vc_col-xs-10&Prime;]\r\n    <div class=\"wd_empty_space\" data-heightmobile=\"10px\" \r\n      data-heighttablet=\"20px\" data-heightdesktop=\"30px\"\r\n      style=\"height: 30pxpx;\" >\r\n    <\/div>\r\n\r\n    [vc_single_image image=\u00a0\u00bb15380&Prime; img_size=\u00a0\u00bbfull\u00a0\u00bb][\/vc_column_inner][\/vc_row_inner][\/vc_column][\/vc_row][vc_row full_width=\u00a0\u00bbstretch_row_content\u00a0\u00bb animation_delay=\u00a0\u00bb150&Prime; css=\u00a0\u00bb.vc_custom_1696992155869{background-color: #ffffff !important;background-position: center !important;background-repeat: no-repeat !important;background-size: cover !important;}\u00a0\u00bb el_class=\u00a0\u00bbbg-black\u00a0\u00bb][vc_column width=\u00a0\u00bb1\/2&Prime; el_class=\u00a0\u00bbmi-row-right\u00a0\u00bb css=\u00a0\u00bb.vc_custom_1689421665833{margin-bottom: 0px !important;}\u00a0\u00bb offset=\u00a0\u00bbvc_col-lg-offset-1 vc_col-lg-4 vc_col-md-offset-1 vc_col-md-4 vc_col-sm-offset-0 vc_col-xs-offset-1 vc_col-xs-10&Prime;]\r\n    <div class=\"wd_empty_space\" data-heightmobile=\"40\" \r\n      data-heighttablet=\"50\" data-heightdesktop=\"90\"\r\n      style=\"height: 90px;\" >\r\n    <\/div>\r\n\r\n    [vc_column_text]<\/p>\n<h2 style=\"color: #640934; margin: 0;\">Situation et climat<\/h2>\n<p>Le climat de La Palma est subtropical et extr\u00eamement agr\u00e9able. Les temp\u00e9ratures sont douces tout au long de l&rsquo;ann\u00e9e, avec une <strong>moyenne d&rsquo;environ 16-22\u00b0C en hiver et 22-28\u00b0C en \u00e9t\u00e9<\/strong>.<\/p>\n<p>En raison de la diversit\u00e9 des <strong>microclimats<\/strong> de l&rsquo;\u00eele, le temps peut varier d&rsquo;une r\u00e9gion \u00e0 l&rsquo;autre, ce qui permet \u00e0 La Palma d&rsquo;offrir une large palette de paysages et de v\u00e9g\u00e9tations.<\/p>\n<p>L&rsquo;\u00eele se caract\u00e9rise par <strong>une nature \u00e9poustouflante<\/strong>, notamment un paysage volcanique impressionnant, des for\u00eats de lauriers denses et des montagnes spectaculaires.<\/p>\n<p>[\/vc_column_text]\r\n    <div class=\"wd_empty_space\" data-heightmobile=\"20\" \r\n      data-heighttablet=\"25\" data-heightdesktop=\"45\"\r\n      style=\"height: 45px;\" >\r\n    <\/div>\r\n\r\n    [\/vc_column][vc_column width=\u00a0\u00bb1\/2&Prime; el_class=\u00a0\u00bbside-shadow\u00a0\u00bb css=\u00a0\u00bb.vc_custom_1697025580135{background-image: url(https:\/\/mountain-ride.com\/wp-content\/uploads\/2023\/10\/la-palma-kanaren.svg?id=13466) !important;background-position: center !important;background-repeat: no-repeat !important;background-size: cover !important;}\u00a0\u00bb offset=\u00a0\u00bbvc_col-lg-offset-1 vc_col-md-offset-1 vc_col-sm-offset-0 vc_col-xs-12&Prime;]\r\n    <div class=\"wd_empty_space\" data-heightmobile=\"400\" \r\n      data-heighttablet=\"450\" data-heightdesktop=\"600\"\r\n      style=\"height: 600px;\" >\r\n    <\/div>\r\n\r\n    [\/vc_column][\/vc_row]<\/p>\n<\/div>","protected":false},"excerpt":{"rendered":"<p>[vc_row][vc_column][\/vc_column][\/vc_row][vc_row full_width=\u00a0\u00bbstretch_row_content\u00a0\u00bb css=\u00a0\u00bb.vc_custom_1693425027570{border-top-width: 2px !important;border-bottom-width: 2px !important;padding-top: 2px !important;padding-bottom: 2px !important;background-color: #ffffff !important;border-top-color: #ddd5cc !important;border-top-style: solid !important;border-bottom-color: #ddd5cc !important;border-bottom-style: solid !important;}\u00a0\u00bb][vc_column offset=\u00a0\u00bbvc_col-lg-offset-1 vc_col-lg-10 vc_col-md-offset-0 vc_col-md-12 vc_col-sm-offset-0 vc_col-xs-12 vc_hidden-xs\u00a0\u00bb css=\u00a0\u00bb.vc_custom_1696990676359{padding-top: 0px !important;}\u00a0\u00bb][vc_column_text css=\u00a0\u00bb.vc_custom_1696992530018{margin-bottom: 0px !important;}\u00a0\u00bb] Fuseau horaire -1 h (GMT) . Heures d&rsquo;ensoleillement env. 7 h en hiver . Temp\u00e9rature hiver \u00d8 16-22 \u00b0C . Bonnes [&hellip;]<\/p>\n","protected":false},"author":1,"featured_media":0,"parent":0,"menu_order":0,"comment_status":"closed","ping_status":"closed","template":"","meta":{"footnotes":""},"class_list":["wd-product-box","post-15718","page","type-page","status-publish","hentry"],"_links":{"self":[{"href":"https:\/\/mountain-ride.com\/fr\/wp-json\/wp\/v2\/pages\/15718","targetHints":{"allow":["GET"]}}],"collection":[{"href":"https:\/\/mountain-ride.com\/fr\/wp-json\/wp\/v2\/pages"}],"about":[{"href":"https:\/\/mountain-ride.com\/fr\/wp-json\/wp\/v2\/types\/page"}],"author":[{"embeddable":true,"href":"https:\/\/mountain-ride.com\/fr\/wp-json\/wp\/v2\/users\/1"}],"replies":[{"embeddable":true,"href":"https:\/\/mountain-ride.com\/fr\/wp-json\/wp\/v2\/comments?post=15718"}],"version-history":[{"count":15,"href":"https:\/\/mountain-ride.com\/fr\/wp-json\/wp\/v2\/pages\/15718\/revisions"}],"predecessor-version":[{"id":17267,"href":"https:\/\/mountain-ride.com\/fr\/wp-json\/wp\/v2\/pages\/15718\/revisions\/17267"}],"wp:attachment":[{"href":"https:\/\/mountain-ride.com\/fr\/wp-json\/wp\/v2\/media?parent=15718"}],"curies":[{"name":"wp","href":"https:\/\/api.w.org\/{rel}","templated":true}]}}