{"id":15750,"date":"2023-10-11T01:13:09","date_gmt":"2023-10-11T01:13:09","guid":{"rendered":"https:\/\/mountain-ride.com\/magasin-et-atelier\/"},"modified":"2025-05-22T19:20:20","modified_gmt":"2025-05-22T19:20:20","slug":"magasin-et-atelier","status":"publish","type":"page","link":"https:\/\/mountain-ride.com\/fr\/magasin-et-atelier\/","title":{"rendered":"Magasin et atelier"},"content":{"rendered":"<div class=\"wpb-content-wrapper\"><p>[vc_row][vc_column]\n\t\t\t\t<p class=\"rs-p-wp-fix\"><\/p>\n\t\t\t\t<sr7-module data-alias=\"bike-verleih-1\" data-id=\"17\" id=\"SR7_17_1\" class=\"rs-ov-hidden\" data-version=\"6.7.52\">\n\t\t\t\t\t<sr7-adjuster><\/sr7-adjuster>\n\t\t\t\t\t<sr7-content>\n\t\t\t\t\t\t<sr7-slide id=\"SR7_17_1-35\" data-key=\"35\">\n\t\t\t\t\t\t\t<sr7-bg id=\"SR7_17_1-35-4\" class=\"sr7-layer\"><noscript><img decoding=\"async\" src=\"https:\/\/mountain-ride.com\/wp-content\/uploads\/2023\/10\/mountainride-la-palma-los-llanos-laden.jpg\" alt=\"Laden und Werkstatt\" title=\"mountainride-la-palma-los-llanos-laden\"><\/noscript><\/sr7-bg>\n\t\t\t\t\t\t\t<sr7-txt id=\"SR7_17_1-35-1\" class=\"sr7-layer\">MAGASIN ET ATELIER<\/sr7-txt>\n\t\t\t\t\t\t\t<sr7-txt id=\"SR7_17_1-35-2\" class=\"sr7-layer\">Plus que juste<br \/>\nvendre des v\u00e9los<\/sr7-txt>\n\t\t\t\t\t\t\t<sr7-txt id=\"SR7_17_1-35-3\" class=\"sr7-layer\">V\u00e9los, accessoires, v\u00eatements.<\/sr7-txt>\n\t\t\t\t\t\t<\/sr7-slide>\n\t\t\t\t\t\t<sr7-slide id=\"SR7_17_1-82\" data-key=\"82\">\n\t\t\t\t\t\t<\/sr7-slide>\n\t\t\t\t\t<\/sr7-content>\n\t\t\t\t\t<image_lists style=\"display:none\">\n\t\t\t\t\t\t<img data-src=\"\/\/mountain-ride.com\/wp-content\/uploads\/2023\/10\/mountainride-la-palma-los-llanos-laden.jpg\" data-libid=\"13396\" data-lib=\"medialibrary\" alt=\"Laden und Werkstatt\" title=\"mountainride-la-palma-los-llanos-laden\" width=\"0\" height=\"0\" data-dbsrc=\"Ly9tb3VudGFpbi1yaWRlLmNvbS93cC1jb250ZW50L3VwbG9hZHMvMjAyMy8xMC9tb3VudGFpbnJpZGUtbGEtcGFsbWEtbG9zLWxsYW5vcy1sYWRlbi5qcGc=\"\/>\n\t\t\t\t\t<\/image_lists>\n\t\t\t\t<\/sr7-module>\n\t\t\t\t<script>\n\t\t\t\t\twindow.SR7 ??={};SR7.PMH ??={}; SR7.PMH[\"SR7_17_1\"] = {cn:100,state:false,fn: function() { if (window._tpt!==undefined && window._tpt.prepareModuleHeight !== undefined) {  _tpt.prepareModuleHeight({id:\"SR7_17_1\",el:[600,600,600,600,400],type:'standard',shdw:'0',gh:[600,600,600,600,400],gw:[1240,1240,1024,778,480],vpt:['-200px&#039;,&#039;-200px&#039;,&#039;-200px&#039;,&#039;-200px&#039;,&#039;-200px'],size:{fullWidth:true, fullHeight:false},mh:'0',onh:0,onw:0,bg:{color:'{\"orig\":\"transparent\",\"type\":\"solid\",\"string\":\"transparent\"}'}});   SR7.PMH[\"SR7_17_1\"].state=true;} else if(SR7.PMH[\"SR7_17_1\"].cn-->0)\tsetTimeout( SR7.PMH[\"SR7_17_1\"].fn,19);}};SR7.PMH[\"SR7_17_1\" ].fn();\n\t\t\t\t<\/script>\n[\/vc_column][\/vc_row][vc_row full_width=\u00a0\u00bbstretch_row\u00a0\u00bb css=\u00a0\u00bb.vc_custom_1696984859112{background: #f8f7f3 url(https:\/\/mountain-ride.com\/wp-content\/uploads\/2023\/08\/bg-relief-weiss_2.png?id=12509) !important;}\u00a0\u00bb][vc_column][vc_row_inner][vc_column_inner width=\u00a0\u00bb3\/5&Prime; offset=\u00a0\u00bbvc_col-lg-offset-1 vc_col-lg-5 vc_col-sm-offset-0 vc_col-xs-offset-1 vc_col-xs-10&Prime;][vc_column_text]<\/p>\n<h2 class=\"title_a\"><span style=\"color: #640934;\">S&rsquo;\u00e9quiper compl\u00e8tement avant de partir en vacances ?<\/span><\/h2>\n<p><strong>Pas besoin \ud83d\ude09<\/strong><br \/>\nDans notre boutique tr\u00e8s bien \u00e9quip\u00e9e, vous trouverez un large choix de v\u00eatements de v\u00e9lo, d&rsquo;accessoires tels que des casques et des protections, et bien s\u00fbr des pi\u00e8ces courantes qui pourraient se casser sur votre propre v\u00e9lo pendant vos vacances.<\/p>\n<p>Pour ce faire, nous nous appuyons sur des marques et des mat\u00e9riaux qui ont fait leurs preuves et qui nous convainquent nous-m\u00eames.[\/vc_column_text]\r\n    <div class=\"wd_empty_space\" data-heightmobile=\"10px\" \r\n      data-heighttablet=\"30px\" data-heightdesktop=\"50px\"\r\n      style=\"height: 50pxpx;\" >\r\n    <\/div>\r\n\r\n    [\/vc_column_inner][vc_column_inner width=\u00a0\u00bb2\/5&Prime; offset=\u00a0\u00bbvc_col-lg-offset-1 vc_col-lg-4 vc_col-sm-offset-0 vc_col-xs-offset-1 vc_col-xs-10&Prime;]\r\n    <div class=\"wd_empty_space\" data-heightmobile=\"10px\" \r\n      data-heighttablet=\"20px\" data-heightdesktop=\"30px\"\r\n      style=\"height: 30pxpx;\" >\r\n    <\/div>\r\n\r\n    [vc_single_image image=\u00a0\u00bb15296&Prime; img_size=\u00a0\u00bbfull\u00a0\u00bb][\/vc_column_inner][\/vc_row_inner][\/vc_column][\/vc_row][vc_row full_width=\u00a0\u00bbstretch_row_content\u00a0\u00bb][vc_column offset=\u00a0\u00bbvc_hidden-xs\u00a0\u00bb][vc_gallery type=\u00a0\u00bbimage_grid\u00a0\u00bb images=\u00a0\u00bb15320,15312,15304,15300,15324,15332,15328,15316&Prime; img_size=\u00a0\u00bb180&#215;180&Prime;][\/vc_column][\/vc_row][vc_row full_width=\u00a0\u00bbstretch_row_content\u00a0\u00bb][vc_column offset=\u00a0\u00bbvc_hidden-lg vc_hidden-md vc_hidden-sm\u00a0\u00bb][vc_gallery type=\u00a0\u00bbimage_grid\u00a0\u00bb images=\u00a0\u00bb15320,15312,15304,15300,15324,15332,15328,15316&Prime; img_size=\u00a0\u00bb100&#215;100&Prime;][\/vc_column][\/vc_row][vc_row full_width=\u00a0\u00bbstretch_row\u00a0\u00bb animation_delay=\u00a0\u00bb200&Prime; el_class=\u00a0\u00bbrow-without-padding\u00a0\u00bb css=\u00a0\u00bb.vc_custom_1696983887545{background-image: url(https:\/\/mountain-ride.com\/wp-content\/uploads\/2023\/10\/fahrrad-werkstatt-los-llanos.jpg?id=13412) !important;background-position: center !important;background-repeat: no-repeat !important;background-size: cover !important;}\u00a0\u00bb][vc_column][vc_row_inner][vc_column_inner width=\u00a0\u00bb5\/12&Prime; offset=\u00a0\u00bbvc_col-lg-offset-6 vc_col-lg-6 vc_col-md-offset-3 vc_col-md-9 vc_col-sm-offset-6 vc_col-xs-offset-1 vc_col-xs-10&Prime; css=\u00a0\u00bb.vc_custom_1696986459514{margin-top: 2% !important;margin-bottom: 8% !important;padding-top: 8% !important;padding-right: 8% !important;padding-bottom: 5% !important;padding-left: 8% !important;background-color: #ffffff !important;}\u00a0\u00bb][vc_column_text]<\/p>\n<h2 style=\"color: #640934; margin: 0;\">Atelier certifi\u00e9<\/h2>\n<p><strong>D\u00e9fauts du v\u00e9lo ? Pas de probl\u00e8me !<\/strong><br \/>\nNos m\u00e9caniciens, form\u00e9s r\u00e9guli\u00e8rement, s&rsquo;occupent merveilleusement bien de votre v\u00e9lo. Du remplacement rapide des plaquettes de frein au service de fourche, nous sommes fiers de la qualit\u00e9 de nos produits.[\/vc_column_text][vc_btn title=\u00a0\u00bb\u00c0 PROPOS DE NOUS\u00a0\u00bb shape=\u00a0\u00bbsquare\u00a0\u00bb link=\u00a0\u00bburl:https%3A%2F%2Fmountain-ride.com%2Fteam|\u00a0\u00bb][\/vc_column_inner][\/vc_row_inner][\/vc_column][\/vc_row][vc_row full_width=\u00a0\u00bbstretch_row\u00a0\u00bb gap=\u00a0\u00bb35&Prime; equal_height=\u00a0\u00bbyes\u00a0\u00bb css=\u00a0\u00bb.vc_custom_1696986898910{background-position: center !important;background-repeat: no-repeat !important;background-size: cover !important;}\u00a0\u00bb][vc_column width=\u00a0\u00bb5\/12&Prime; offset=\u00a0\u00bbvc_col-md-offset-0 vc_col-md-4 vc_col-sm-offset-1 vc_col-xs-offset-1 vc_col-xs-10&Prime; css=\u00a0\u00bb.vc_custom_1696986501112{padding-top: 0px !important;}\u00a0\u00bb]\r\n    <div class=\"wd_empty_space\" data-heightmobile=\"40\" \r\n      data-heighttablet=\"35\" data-heightdesktop=\"35px\"\r\n      style=\"height: 35pxpx;\" >\r\n    <\/div>\r\n\r\n    [vc_column_text css=\u00a0\u00bb.vc_custom_1696985870064{padding-top: 0px !important;}\u00a0\u00bb]<\/p>\n<h4 style=\"margin: 0px;\">Service d&rsquo;amortissement en vacances ?<\/h4>\n<p><strong>Pourquoi ne pas profiter de votre journ\u00e9e de repos pour offrir \u00e0 votre suspension un peu de bien-\u00eatre ?<\/strong> N&rsquo;h\u00e9sitez pas \u00e0 nous contacter avant de partir en vacances &#8211; nous pourrons ainsi convenir d&rsquo;un rendez-vous et, le cas \u00e9ch\u00e9ant, commander les pi\u00e8ces manquantes \u00e0 temps.<\/p>\n<p><strong>PS : nous sommes fiers de notre certification Fox<\/strong>[\/vc_column_text][\/vc_column][vc_column width=\u00a0\u00bb5\/12&Prime; offset=\u00a0\u00bbvc_col-md-offset-0 vc_col-md-4 vc_col-sm-offset-0 vc_col-xs-offset-1 vc_col-xs-10&Prime; css=\u00a0\u00bb.vc_custom_1696986507812{padding-top: 0px !important;}\u00a0\u00bb]\r\n    <div class=\"wd_empty_space\" data-heightmobile=\"0\" \r\n      data-heighttablet=\"35\" data-heightdesktop=\"35px\"\r\n      style=\"height: 35pxpx;\" >\r\n    <\/div>\r\n\r\n    [vc_column_text]<\/p>\n<h4 style=\"margin: 0px;\">Conversion au Tubeless<\/h4>\n<p><strong>Le passage au Tubeless est dans vos plans depuis longtemps ?<\/strong>  Le tubeless est un petit \u00ab\u00a0gamechanger\u00a0\u00bb, en particulier avec les roches volcaniques de l&rsquo;\u00eele. Nous nous ferons un plaisir de modifier votre v\u00e9lo en cons\u00e9quence et de v\u00e9rifier si votre mat\u00e9riel est adapt\u00e9&#8230;[\/vc_column_text][\/vc_column][vc_column width=\u00a0\u00bb5\/12&Prime; offset=\u00a0\u00bbvc_col-md-offset-0 vc_col-md-4 vc_col-sm-offset-1 vc_col-xs-offset-1 vc_col-xs-10&Prime; css=\u00a0\u00bb.vc_custom_1696986514572{padding-top: 0px !important;}\u00a0\u00bb]\r\n    <div class=\"wd_empty_space\" data-heightmobile=\"0\" \r\n      data-heighttablet=\"0\" data-heightdesktop=\"35px\"\r\n      style=\"height: 35pxpx;\" >\r\n    <\/div>\r\n\r\n    [vc_column_text]<\/p>\n<h4 style=\"margin: 0px;\">Service du jour au lendemain ?<\/h4>\n<p><strong>Pendant une journ\u00e9e de randonn\u00e9e, un v\u00e9lo peut souffrir un peu.<\/strong>  Nous nous effor\u00e7ons donc de remettre en \u00e9tat les v\u00e9los de location et les v\u00e9los personnels avant le prochain d\u00e9part.<\/p>\n<p>N&rsquo;h\u00e9sitez pas \u00e0 nous en parler, nous trouverons une solution :)[\/vc_column_text][\/vc_column][\/vc_row]<\/p>\n<\/div>","protected":false},"excerpt":{"rendered":"<p>[vc_row][vc_column][\/vc_column][\/vc_row][vc_row full_width=\u00a0\u00bbstretch_row\u00a0\u00bb css=\u00a0\u00bb.vc_custom_1696984859112{background: #f8f7f3 url(https:\/\/mountain-ride.com\/wp-content\/uploads\/2023\/08\/bg-relief-weiss_2.png?id=12509) !important;}\u00a0\u00bb][vc_column][vc_row_inner][vc_column_inner width=\u00a0\u00bb3\/5&Prime; offset=\u00a0\u00bbvc_col-lg-offset-1 vc_col-lg-5 vc_col-sm-offset-0 vc_col-xs-offset-1 vc_col-xs-10&Prime;][vc_column_text] S&rsquo;\u00e9quiper compl\u00e8tement avant de partir en vacances ? Pas besoin \ud83d\ude09 Dans notre boutique tr\u00e8s bien \u00e9quip\u00e9e, vous trouverez un large choix de v\u00eatements de v\u00e9lo, d&rsquo;accessoires tels que des casques et des protections, et bien s\u00fbr des pi\u00e8ces courantes qui pourraient se [&hellip;]<\/p>\n","protected":false},"author":1,"featured_media":0,"parent":0,"menu_order":0,"comment_status":"closed","ping_status":"closed","template":"","meta":{"footnotes":""},"class_list":["wd-product-box","post-15750","page","type-page","status-publish","hentry"],"_links":{"self":[{"href":"https:\/\/mountain-ride.com\/fr\/wp-json\/wp\/v2\/pages\/15750","targetHints":{"allow":["GET"]}}],"collection":[{"href":"https:\/\/mountain-ride.com\/fr\/wp-json\/wp\/v2\/pages"}],"about":[{"href":"https:\/\/mountain-ride.com\/fr\/wp-json\/wp\/v2\/types\/page"}],"author":[{"embeddable":true,"href":"https:\/\/mountain-ride.com\/fr\/wp-json\/wp\/v2\/users\/1"}],"replies":[{"embeddable":true,"href":"https:\/\/mountain-ride.com\/fr\/wp-json\/wp\/v2\/comments?post=15750"}],"version-history":[{"count":15,"href":"https:\/\/mountain-ride.com\/fr\/wp-json\/wp\/v2\/pages\/15750\/revisions"}],"predecessor-version":[{"id":18121,"href":"https:\/\/mountain-ride.com\/fr\/wp-json\/wp\/v2\/pages\/15750\/revisions\/18121"}],"wp:attachment":[{"href":"https:\/\/mountain-ride.com\/fr\/wp-json\/wp\/v2\/media?parent=15750"}],"curies":[{"name":"wp","href":"https:\/\/api.w.org\/{rel}","templated":true}]}}