{"id":15994,"date":"2023-10-03T18:37:10","date_gmt":"2023-10-03T18:37:10","guid":{"rendered":"https:\/\/mountain-ride.com\/entrainement-technique\/"},"modified":"2024-07-09T22:03:45","modified_gmt":"2024-07-09T22:03:45","slug":"entrainement-technique","status":"publish","type":"page","link":"https:\/\/mountain-ride.com\/fr\/entrainement-technique\/","title":{"rendered":"Entra\u00eenement technique"},"content":{"rendered":"<div class=\"wpb-content-wrapper\"><p>[vc_row][vc_column]\n\t\t\t\t<p class=\"rs-p-wp-fix\"><\/p>\n\t\t\t\t<sr7-module data-alias=\"megatrail-1\" data-id=\"14\" id=\"SR7_14_1\" class=\"rs-ov-hidden\" data-version=\"6.7.52\">\n\t\t\t\t\t<sr7-adjuster><\/sr7-adjuster>\n\t\t\t\t\t<sr7-content>\n\t\t\t\t\t\t<sr7-slide id=\"SR7_14_1-62\" data-key=\"62\">\n\t\t\t\t\t\t\t<sr7-bg id=\"SR7_14_1-62-4\" class=\"sr7-layer\"><noscript><img decoding=\"async\" src=\"https:\/\/mountain-ride.com\/wp-content\/uploads\/2023\/10\/techniktraining-1.jpg\" alt=\"techniktraining\" title=\"techniktraining\"><\/noscript><\/sr7-bg>\n\t\t\t\t\t\t\t<sr7-txt id=\"SR7_14_1-62-1\" class=\"sr7-layer\">Techniktraining<\/sr7-txt>\n\t\t\t\t\t\t\t<sr7-txt id=\"SR7_14_1-62-2\" class=\"sr7-layer\">S\u00e9curit\u00e9 sur <br \/>\nle sentier<\/sr7-txt>\n\t\t\t\t\t\t\t<sr7-txt id=\"SR7_14_1-62-3\" class=\"sr7-layer\">\u00c0 diff\u00e9rents niveaux<\/sr7-txt>\n\t\t\t\t\t\t<\/sr7-slide>\n\t\t\t\t\t\t<sr7-slide id=\"SR7_14_1-79\" data-key=\"79\">\n\t\t\t\t\t\t<\/sr7-slide>\n\t\t\t\t\t<\/sr7-content>\n\t\t\t\t\t<image_lists style=\"display:none\">\n\t\t\t\t\t\t<img data-src=\"\/\/mountain-ride.com\/wp-content\/uploads\/2023\/10\/techniktraining-1.jpg\" data-libid=\"13007\" data-lib=\"medialibrary\" alt=\"techniktraining\" title=\"techniktraining\" width=\"0\" height=\"0\" data-dbsrc=\"Ly9tb3VudGFpbi1yaWRlLmNvbS93cC1jb250ZW50L3VwbG9hZHMvMjAyMy8xMC90ZWNobmlrdHJhaW5pbmctMS5qcGc=\"\/>\n\t\t\t\t\t<\/image_lists>\n\t\t\t\t<\/sr7-module>\n\t\t\t\t<script>\n\t\t\t\t\twindow.SR7 ??={};SR7.PMH ??={}; SR7.PMH[\"SR7_14_1\"] = {cn:100,state:false,fn: function() { if (window._tpt!==undefined && window._tpt.prepareModuleHeight !== undefined) {  _tpt.prepareModuleHeight({id:\"SR7_14_1\",el:[600,600,600,600,400],type:'standard',shdw:'0',gh:[600,600,600,600,400],gw:[1240,1240,1024,778,480],vpt:['-200px&#039;,&#039;-200px&#039;,&#039;-200px&#039;,&#039;-200px&#039;,&#039;-200px'],size:{fullWidth:true, fullHeight:false},mh:'0',onh:0,onw:0,bg:{color:'{\"orig\":\"transparent\",\"type\":\"solid\",\"string\":\"transparent\"}'}});   SR7.PMH[\"SR7_14_1\"].state=true;} else if(SR7.PMH[\"SR7_14_1\"].cn-->0)\tsetTimeout( SR7.PMH[\"SR7_14_1\"].fn,19);}};SR7.PMH[\"SR7_14_1\" ].fn();\n\t\t\t\t<\/script>\n[\/vc_column][\/vc_row][vc_row full_width=\u00a0\u00bbstretch_row_content\u00a0\u00bb css=\u00a0\u00bb.vc_custom_1693425027570{border-top-width: 2px !important;border-bottom-width: 2px !important;padding-top: 2px !important;padding-bottom: 2px !important;background-color: #ffffff !important;border-top-color: #ddd5cc !important;border-top-style: solid !important;border-bottom-color: #ddd5cc !important;border-bottom-style: solid !important;}\u00a0\u00bb][vc_column css=\u00a0\u00bb.vc_custom_1696435691409{padding-top: 0px !important;}\u00a0\u00bb offset=\u00a0\u00bbvc_col-lg-offset-1 vc_col-lg-4 vc_col-md-offset-0 vc_col-md-4 vc_col-sm-offset-0 vc_col-xs-12&Prime;][vc_column_text css=\u00a0\u00bb.vc_custom_1696435670590{margin-bottom: 0px !important;padding-bottom: 25px !important;}\u00a0\u00bb]<\/p>\n<h6 style=\"text-transform: uppercase; padding-top: 0px;\"><a style=\"font-weight: bold;\" href=\"https:\/\/mountain-ride.com\/fr\/?page_id=15982\">TYPES DE TOURS &gt;<\/a> <span style=\"font-weight: 300;\">Formation \u00e0 la technique de conduite<\/span><\/h6>\n<p>[\/vc_column_text][\/vc_column][\/vc_row][vc_row full_width=\u00a0\u00bbstretch_row\u00a0\u00bb css=\u00a0\u00bb.vc_custom_1693427815860{background: #f8f7f3 url(https:\/\/mountain-ride.com\/wp-content\/uploads\/2023\/08\/bg-relief-weiss_2.png?id=12509) !important;}\u00a0\u00bb][vc_column][vc_row_inner][vc_column_inner width=\u00a0\u00bb3\/5&Prime; offset=\u00a0\u00bbvc_col-lg-offset-1 vc_col-lg-5 vc_col-sm-offset-0 vc_col-xs-offset-1 vc_col-xs-10&Prime;]<div class='wd_empty_space' data-heightmobile='40px' data-heighttablet='40px' data-heightdesktop='40px'\r\n \t\t\t\t\t\tstyle='height:40pxpx' ><\/div><div class=\"wd-heading text-left  \" style=\"max-width: 100%\" >\r\n\t\r\n\t\t<h2 style=\"margin:0;color:#640934;\" class=\"title_a\">\r\n\t\tFahrtechnik Training\t\t<\/h2>\r\n\r\n\t\t\t<\/div>\r\n\t<div class='wd_empty_space' data-heightmobile='10px' data-heighttablet='10px' data-heightdesktop='10px'\r\n\t\tstyle='height:10pxpx' ><\/div>[vc_column_text]<strong>Plus de s\u00e9curit\u00e9 et de confiance<\/strong><br \/>\nCela ressemble un peu au slogan publicitaire d&rsquo;une compagnie d&rsquo;assurance, mais en fait, c&rsquo;est exactement de cela qu&rsquo;il s&rsquo;agit. Quel que soit votre niveau, nous venons vous chercher pour vous faire progresser.<\/p>\n<p>Cela vaut aussi bien pour les novices que pour les anciens qui souhaitent apprendre \u00e0 d\u00e9placer la roue arri\u00e8re, par exemple.[\/vc_column_text][vc_column_text]<\/p>\n<div style=\"width: 100%; height: auto; background: url('https:\/\/mountain-ride.com\/wp-content\/uploads\/2023\/08\/bg-365tage.png'); background-repeat: no-repeat; background-size: contain;\">\n<div style=\"width: 20%; padding-right: 3%; float: left; height: auto;\"><img decoding=\"async\" style=\"width: 100%; height: auto;\" src=\"https:\/\/mountain-ride.com\/wp-content\/uploads\/2023\/09\/Kalender-Eventwochen-gr.svg\" alt=\"Sur demande\"><\/div>\n<div style=\"width: 77%; float: left; padding-top: 5%;\">\n<h6 style=\"margin: 0; color: #630934 !important; font-weight: bold;\">Sur demande<\/h6>\n<p style=\"margin: 0; padding-bottom: 25px; padding-right: 20px;\">Nous r\u00e9alisons des formations techniques individuelles sur demande.<\/p>\n<\/div>\n<\/div>\n<p>[\/vc_column_text]\r\n    <div class=\"wd_empty_space\" data-heightmobile=\"10px\" \r\n      data-heighttablet=\"30px\" data-heightdesktop=\"50px\"\r\n      style=\"height: 50pxpx;\" >\r\n    <\/div>\r\n\r\n    [\/vc_column_inner][vc_column_inner width=\u00a0\u00bb2\/5&Prime; offset=\u00a0\u00bbvc_col-lg-offset-1 vc_col-lg-4 vc_col-sm-offset-0 vc_col-xs-offset-1 vc_col-xs-10&Prime;]\r\n    <div class=\"wd_empty_space\" data-heightmobile=\"10px\" \r\n      data-heighttablet=\"20px\" data-heightdesktop=\"30px\"\r\n      style=\"height: 30pxpx;\" >\r\n    <\/div>\r\n\r\n    [vc_single_image image=\u00a0\u00bb15020&Prime; img_size=\u00a0\u00bbfull\u00a0\u00bb][\/vc_column_inner][\/vc_row_inner][\/vc_column][\/vc_row][vc_row][vc_column][vc_row_inner][vc_column_inner width=\u00a0\u00bb1\/3&Prime; offset=\u00a0\u00bbvc_col-md-offset-2 vc_col-md-3 vc_col-sm-offset-0 vc_col-xs-offset-2 vc_col-xs-8&Prime;]\r\n    <div class=\"wd_empty_space\" data-heightmobile=\"20px\" \r\n      data-heighttablet=\"20px\" data-heightdesktop=\"20px\"\r\n      style=\"height: 20pxpx;\" >\r\n    <\/div>\r\n\r\n    [vc_single_image image=\u00a0\u00bb15024&Prime; img_size=\u00a0\u00bbfull\u00a0\u00bb css=\u00a0\u00bb.vc_custom_1696443907428{padding-top: 0px !important;padding-bottom: 0px !important;}\u00a0\u00bb][\/vc_column_inner][vc_column_inner width=\u00a0\u00bb2\/3&Prime; offset=\u00a0\u00bbvc_col-lg-5 vc_col-md-5 vc_col-sm-offset-0 vc_col-xs-offset-2 vc_col-xs-8&Prime;]\r\n    <div class=\"wd_empty_space\" data-heightmobile=\"0\" \r\n      data-heighttablet=\"30px\" data-heightdesktop=\"40px\"\r\n      style=\"height: 40pxpx;\" >\r\n    <\/div>\r\n\r\n    [vc_column_text]<\/p>\n<h3 style=\"font-family: Fredericka the Great; font-weight: 400; margin-bottom: 0; text-transform: inherit;\">Int\u00e9ressant ?<\/h3>\n<p><strong>Alors, demandez !<\/strong>  Selon les possibilit\u00e9s, nous int\u00e9grons une journ\u00e9e technique, par exemple en pr\u00e9lude \u00e0 une semaine de randonn\u00e9e. Pour cela, nous nous concentrons d&rsquo;abord sur les points \u00e0 am\u00e9liorer sur un terrain facile, puis nous les appliquons sur le trail.<\/p>\n<p><em><strong>Andy<\/strong><\/em>[\/vc_column_text][vc_btn title=\u00a0\u00bbPRENDRE CONTACT\u00a0\u00bb style=\u00a0\u00bbflat\u00a0\u00bb shape=\u00a0\u00bbsquare\u00a0\u00bb link=\u00a0\u00bburl:https%3A%2F%2Fmountain-ride.com%2Fkontakt%2F|\u00a0\u00bb]\r\n    <div class=\"wd_empty_space\" data-heightmobile=\"20px\" \r\n      data-heighttablet=\"30px\" data-heightdesktop=\"40px\"\r\n      style=\"height: 40pxpx;\" >\r\n    <\/div>\r\n\r\n    [\/vc_column_inner][\/vc_row_inner][\/vc_column][\/vc_row]<\/p>\n<\/div>","protected":false},"excerpt":{"rendered":"<p>[vc_row][vc_column][\/vc_column][\/vc_row][vc_row full_width=\u00a0\u00bbstretch_row_content\u00a0\u00bb css=\u00a0\u00bb.vc_custom_1693425027570{border-top-width: 2px !important;border-bottom-width: 2px !important;padding-top: 2px !important;padding-bottom: 2px !important;background-color: #ffffff !important;border-top-color: #ddd5cc !important;border-top-style: solid !important;border-bottom-color: #ddd5cc !important;border-bottom-style: solid !important;}\u00a0\u00bb][vc_column css=\u00a0\u00bb.vc_custom_1696435691409{padding-top: 0px !important;}\u00a0\u00bb offset=\u00a0\u00bbvc_col-lg-offset-1 vc_col-lg-4 vc_col-md-offset-0 vc_col-md-4 vc_col-sm-offset-0 vc_col-xs-12&Prime;][vc_column_text css=\u00a0\u00bb.vc_custom_1696435670590{margin-bottom: 0px !important;padding-bottom: 25px !important;}\u00a0\u00bb] TYPES DE TOURS &gt; Formation \u00e0 la technique de conduite [\/vc_column_text][\/vc_column][\/vc_row][vc_row full_width=\u00a0\u00bbstretch_row\u00a0\u00bb css=\u00a0\u00bb.vc_custom_1693427815860{background: #f8f7f3 url(https:\/\/mountain-ride.com\/wp-content\/uploads\/2023\/08\/bg-relief-weiss_2.png?id=12509) !important;}\u00a0\u00bb][vc_column][vc_row_inner][vc_column_inner width=\u00a0\u00bb3\/5&Prime; offset=\u00a0\u00bbvc_col-lg-offset-1 vc_col-lg-5 vc_col-sm-offset-0 [&hellip;]<\/p>\n","protected":false},"author":1,"featured_media":0,"parent":0,"menu_order":0,"comment_status":"closed","ping_status":"closed","template":"","meta":{"footnotes":""},"class_list":["wd-product-box","post-15994","page","type-page","status-publish","hentry"],"_links":{"self":[{"href":"https:\/\/mountain-ride.com\/fr\/wp-json\/wp\/v2\/pages\/15994","targetHints":{"allow":["GET"]}}],"collection":[{"href":"https:\/\/mountain-ride.com\/fr\/wp-json\/wp\/v2\/pages"}],"about":[{"href":"https:\/\/mountain-ride.com\/fr\/wp-json\/wp\/v2\/types\/page"}],"author":[{"embeddable":true,"href":"https:\/\/mountain-ride.com\/fr\/wp-json\/wp\/v2\/users\/1"}],"replies":[{"embeddable":true,"href":"https:\/\/mountain-ride.com\/fr\/wp-json\/wp\/v2\/comments?post=15994"}],"version-history":[{"count":3,"href":"https:\/\/mountain-ride.com\/fr\/wp-json\/wp\/v2\/pages\/15994\/revisions"}],"predecessor-version":[{"id":16010,"href":"https:\/\/mountain-ride.com\/fr\/wp-json\/wp\/v2\/pages\/15994\/revisions\/16010"}],"wp:attachment":[{"href":"https:\/\/mountain-ride.com\/fr\/wp-json\/wp\/v2\/media?parent=15994"}],"curies":[{"name":"wp","href":"https:\/\/api.w.org\/{rel}","templated":true}]}}